{"id":584,"date":"2025-05-15T11:34:41","date_gmt":"2025-05-15T11:34:41","guid":{"rendered":"https:\/\/taxi-mgdriver49.fr\/?page_id=584"},"modified":"2025-10-10T07:39:14","modified_gmt":"2025-10-10T07:39:14","slug":"transport-de-mineurs-en-taxi-ou-vtc-a-angers","status":"publish","type":"page","link":"https:\/\/taxi-mgdriver49.fr\/en\/vos-besoins\/transport-de-mineurs-en-taxi-ou-vtc-a-angers\/","title":{"rendered":"Taxi transport for minors in the Angers area"},"content":{"rendered":"<p>[et_pb_section fb_built=\u00a0\u00bb1&Prime; _builder_version=\u00a0\u00bb4.27.4&Prime; _module_preset=\u00a0\u00bb1d95740f-d051-46f4-852a-d9898ab6ceea\u00a0\u00bb global_colors_info=\u00a0\u00bb{}\u00a0\u00bb][et_pb_row column_structure=\u00a0\u00bb1_2,1_2&Prime; _builder_version=\u00a0\u00bb4.27.4&Prime; _module_preset=\u00a0\u00bb59bdb108-e640-4b7f-a356-5ebe23de498a\u00a0\u00bb global_colors_info=\u00a0\u00bb{}\u00a0\u00bb custom_css_main_element_last_edited=\u00a0\u00bbon|tablet\u00a0\u00bb custom_css_main_element_tablet=\u00a0\u00bbdisplay:flex;||flex-wrap:wrap;\u00a0\u00bb custom_css_main_element_phone=\u00a0\u00bbdisplay:flex;||flex-wrap:wrap;\u00a0\u00bb][et_pb_column type=\u00a0\u00bb1_2&Prime; _builder_version=\u00a0\u00bb4.27.4&Prime; _module_preset=\u00a0\u00bbdefault\u00a0\u00bb custom_css_main_element=\u00a0\u00bbmargin:auto;\u00a0\u00bb pac_dcm_carousel_specific_module_num=\u00a0\u00bb0&Prime; global_colors_info=\u00a0\u00bb{}\u00a0\u00bb custom_css_main_element_last_edited=\u00a0\u00bbon|tablet\u00a0\u00bb custom_css_main_element_tablet=\u00a0\u00bborder:1;\u00a0\u00bb custom_css_main_element_phone=\u00a0\u00bborder:1;\u00a0\u00bb][et_pb_image src=\u00a0\u00bbhttps:\/\/taxi-mgdriver49.fr\/wp-content\/uploads\/2025\/05\/Transport-de-mineurs-a-Angers-Taxi-et-VTC.webp\u00a0\u00bb alt=\u00a0\u00bbTransport de mineurs \u00e0 Angers &#8211; Taxi et VTC\u00a0\u00bb title_text=\u00a0\u00bbTransport de mineurs \u00e0 Angers &#8211; Taxi et VTC\u00a0\u00bb force_fullwidth=\u00a0\u00bbon\u00a0\u00bb module_class=\u00a0\u00bbobjectFit\u00a0\u00bb _builder_version=\u00a0\u00bb4.27.4&Prime; _module_preset=\u00a0\u00bbdefault\u00a0\u00bb height=\u00a0\u00bb35rem\u00a0\u00bb height_tablet=\u00a0\u00bb25rem\u00a0\u00bb height_phone=\u00a0\u00bb25rem\u00a0\u00bb height_last_edited=\u00a0\u00bbon|tablet\u00a0\u00bb custom_margin=\u00a0\u00bb||||false|false\u00a0\u00bb custom_margin_tablet=\u00a0\u00bb2rem||||false|false\u00a0\u00bb custom_margin_phone=\u00a0\u00bb2rem||||false|false\u00a0\u00bb custom_margin_last_edited=\u00a0\u00bbon|tablet\u00a0\u00bb global_colors_info=\u00a0\u00bb{}\u00a0\u00bb][\/et_pb_image][\/et_pb_column][et_pb_column type=\u00a0\u00bb1_2&Prime; _builder_version=\u00a0\u00bb4.27.4&Prime; _module_preset=\u00a0\u00bbdefault\u00a0\u00bb custom_css_main_element=\u00a0\u00bbmargin:auto;\u00a0\u00bb pac_dcm_carousel_specific_module_num=\u00a0\u00bb0&Prime; global_colors_info=\u00a0\u00bb{}\u00a0\u00bb][et_pb_text _builder_version=\u00a0\u00bb4.27.4&Prime; _dynamic_attributes=\u00a0\u00bbcontent\u00a0\u00bb _module_preset=\u00a0\u00bbf1d5881f-56f0-4214-87f2-72a246fc913a\u00a0\u00bb header_font_size=\u00a0\u00bb50px\u00a0\u00bb global_colors_info=\u00a0\u00bb{}\u00a0\u00bb]@ET-DC@eyJkeW5hbWljIjp0cnVlLCJjb250ZW50IjoicG9zdF90aXRsZSIsInNldHRpbmdzIjp7ImJlZm9yZSI6IjxoMT4iLCJhZnRlciI6IjwvaDE+In19@[\/et_pb_text][et_pb_text _builder_version=\u00a0\u00bb4.27.4&Prime; _module_preset=\u00a0\u00bb4834f2dc-42ee-4988-af0b-516c8cdb56f6&Prime; global_colors_info=\u00a0\u00bb{}\u00a0\u00bb]<\/p>\n<p>It's not always easy for parents to reconcile a busy schedule with getting their children to and from school. Whether it's to go to school, to a boarding school, to catch a train or to go to an activity, I offer a reliable and supervised transport service for minors.<\/p>\n<p>I'm used to driving children alone over short or long distances, always with the same priority: their safety and your peace of mind.<\/p>\n<p>[\/et_pb_text][\/et_pb_column][\/et_pb_row][\/et_pb_section][et_pb_section fb_built=\u00a0\u00bb1&Prime; _builder_version=\u00a0\u00bb4.27.4&Prime; _module_preset=\u00a0\u00bbcac5ad3d-b826-44db-b5c7-d307440b3219&Prime; locked=\u00a0\u00bboff\u00a0\u00bb global_colors_info=\u00a0\u00bb{}\u00a0\u00bb][et_pb_row column_structure=\u00a0\u00bb1_2,1_2&Prime; gutter_width=\u00a0\u00bb3&Prime; make_equal=\u00a0\u00bbon\u00a0\u00bb _builder_version=\u00a0\u00bb4.27.4&Prime; _module_preset=\u00a0\u00bbdefault\u00a0\u00bb global_colors_info=\u00a0\u00bb{}\u00a0\u00bb][et_pb_column type=\u00a0\u00bb1_2&Prime; _builder_version=\u00a0\u00bb4.27.4&Prime; _module_preset=\u00a0\u00bbdefault\u00a0\u00bb custom_css_main_element=\u00a0\u00bbmargin:auto;\u00a0\u00bb pac_dcm_carousel_specific_module_num=\u00a0\u00bb0&Prime; global_colors_info=\u00a0\u00bb{}\u00a0\u00bb][et_pb_blurb title=\u00a0\u00bbEn toute confiance\u00a0\u00bb use_icon=\u00a0\u00bbon\u00a0\u00bb font_icon=\u00a0\u00bb&#xf111;||fa||900&Prime; _builder_version=\u00a0\u00bb4.27.4&Prime; _module_preset=\u00a0\u00bb66ab2c1d-2109-496d-ba42-f3517e6a498b\u00a0\u00bb background_color=\u00a0\u00bbRGBA(255,255,255,0)\u00a0\u00bb global_colors_info=\u00a0\u00bb{}\u00a0\u00bb][\/et_pb_blurb][et_pb_text _builder_version=\u00a0\u00bb4.27.4&Prime; _module_preset=\u00a0\u00bbdcb4aabe-88d2-4f2c-b138-0d794d25cbd1&Prime; link_text_color=\u00a0\u00bbgcid-57dd62c0-77a4-4dcf-aaf6-6a7e7df512b9&Prime; header_3_font=\u00a0\u00bb|600|||||||\u00a0\u00bb global_colors_info=\u00a0\u00bb{%22gcid-57dd62c0-77a4-4dcf-aaf6-6a7e7df512b9%22:%91%22link_text_color%22%93}\u00a0\u00bb]<\/p>\n<h2>Serious assistance for <span class=\"customColor1\"> school trips <\/span> or occasional journeys<\/h2>\n<p>My service is aimed at families, schools or social workers who are looking for a serious driver to transport a minor, on a one-off or regular basis. I pick up the child at the agreed location (home, school, station, etc.) and make sure he or she arrives safely, without any detours or unnecessary delays.<\/p>\n<p>I can also text the parents or carer on arrival, and am always available during the journey. The vehicle is air-conditioned, clean and comfortable, and I adapt to the child's age and needs (conversation, calm, help with settling in, etc.).<\/p>\n<h3>What you need to know before booking a journey for a child<\/h3>\n<p>For the transport of unaccompanied minors, I recommend that you provide me in advance with the necessary authorisations, the contact details of the legal guardians and precise instructions (person to meet on arrival, objects to be taken, special behaviour, etc.).<br \/>\nJe suis l\u00e0 pour vous assister, mais aussi pour que le trajet se d\u00e9roule dans un cadre clair, s\u00fbr et rassurant, aussi bien pour vous que pour votre enfant.[\/et_pb_text][et_pb_button button_url=\u00a0\u00bb@ET-DC@eyJkeW5hbWljIjp0cnVlLCJjb250ZW50IjoicG9zdF9saW5rX3VybF9wYWdlIiwic2V0dGluZ3MiOnsicG9zdF9pZCI6IjIwNyJ9fQ==@\u00a0\u00bb button_text=\u00a0\u00bbLes infos pratiques\u00a0\u00bb _builder_version=\u00a0\u00bb4.27.4&Prime; _dynamic_attributes=\u00a0\u00bbbutton_url\u00a0\u00bb _module_preset=\u00a0\u00bb9d272e26-43e2-413d-88e1-f8da469a4fb8&Prime; global_colors_info=\u00a0\u00bb{}\u00a0\u00bb][\/et_pb_button][\/et_pb_column][et_pb_column type=\u00a0\u00bb1_2&Prime; _builder_version=\u00a0\u00bb4.27.4&Prime; _module_preset=\u00a0\u00bbdefault\u00a0\u00bb pac_dcm_carousel_specific_module_num=\u00a0\u00bb0&Prime; global_colors_info=\u00a0\u00bb{}\u00a0\u00bb][et_pb_image src=\u00a0\u00bbhttps:\/\/taxi-mgdriver49.fr\/wp-content\/uploads\/2025\/05\/Taxi-ou-VTC-pour-le-transport-de-vos-enfants-en-toute-confiance-a-Angers.webp\u00a0\u00bb alt=\u00a0\u00bbDifficult\u00e9s de circulation \u00e0 Paris\u00a0\u00bb title_text=\u00a0\u00bbTaxi ou VTC pour le transport de vos enfants en toute confiance \u00e0 Angers\u00a0\u00bb force_fullwidth=\u00a0\u00bbon\u00a0\u00bb module_class=\u00a0\u00bbobjectFit\u00a0\u00bb _builder_version=\u00a0\u00bb4.27.4&Prime; _module_preset=\u00a0\u00bbdefault\u00a0\u00bb height=\u00a0\u00bb50rem\u00a0\u00bb height_tablet=\u00a0\u00bb25rem\u00a0\u00bb height_phone=\u00a0\u00bb15rem\u00a0\u00bb height_last_edited=\u00a0\u00bbon|desktop\u00a0\u00bb custom_margin_tablet=\u00a0\u00bb2rem||||false|false\u00a0\u00bb custom_margin_phone=\u00a0\u00bb2rem||||false|false\u00a0\u00bb custom_margin_last_edited=\u00a0\u00bbon|tablet\u00a0\u00bb global_colors_info=\u00a0\u00bb{}\u00a0\u00bb][\/et_pb_image][\/et_pb_column][\/et_pb_row][\/et_pb_section][et_pb_section fb_built=\u00a0\u00bb1&Prime; _builder_version=\u00a0\u00bb4.27.4&Prime; _module_preset=\u00a0\u00bbe029770f-643c-4558-8bd6-12a09a237df4&Prime; custom_padding=\u00a0\u00bb100px||100px||true|false\u00a0\u00bb saved_tabs=\u00a0\u00bball\u00a0\u00bb][et_pb_row gutter_width=\u00a0\u00bb2&Prime; _builder_version=\u00a0\u00bb4.27.4&Prime; _module_preset=\u00a0\u00bbdefault\u00a0\u00bb global_colors_info=\u00a0\u00bb{}\u00a0\u00bb][et_pb_column type=\u00a0\u00bb4_4&Prime; _builder_version=\u00a0\u00bb4.24.3&Prime; _module_preset=\u00a0\u00bbdefault\u00a0\u00bb pac_dcm_carousel_specific_module_num=\u00a0\u00bb0&Prime; global_colors_info=\u00a0\u00bb{}\u00a0\u00bb][et_pb_text _builder_version=\u00a0\u00bb4.27.4&Prime; _module_preset=\u00a0\u00bbdcb4aabe-88d2-4f2c-b138-0d794d25cbd1&Prime; header_2_text_align=\u00a0\u00bbcenter\u00a0\u00bb global_colors_info=\u00a0\u00bb{}\u00a0\u00bb]<\/p>\n<h2>Need a ride for your children?<\/h2>\n<p>[\/et_pb_text][\/et_pb_column][\/et_pb_row][et_pb_row column_structure=\u00a0\u00bb1_2,1_2&Prime; _builder_version=\u00a0\u00bb4.27.4&Prime; _module_preset=\u00a0\u00bbdefault\u00a0\u00bb custom_margin=\u00a0\u00bb2rem||0px||false|false\u00a0\u00bb global_colors_info=\u00a0\u00bb{}\u00a0\u00bb][et_pb_column type=\u00a0\u00bb1_2&Prime; _builder_version=\u00a0\u00bb4.27.4&Prime; _module_preset=\u00a0\u00bbdefault\u00a0\u00bb pac_dcm_carousel_specific_module_num=\u00a0\u00bb0&Prime; global_colors_info=\u00a0\u00bb{}\u00a0\u00bb][et_pb_text _builder_version=\u00a0\u00bb4.27.4&Prime; _module_preset=\u00a0\u00bbdcb4aabe-88d2-4f2c-b138-0d794d25cbd1&Prime; text_orientation=\u00a0\u00bbcenter\u00a0\u00bb custom_margin=\u00a0\u00bb||1rem||false|false\u00a0\u00bb global_colors_info=\u00a0\u00bb{}\u00a0\u00bb]<\/p>\n<p>Call us on 06 82 26 96 07<\/p>\n<p>[\/et_pb_text][et_pb_button button_url=\u00a0\u00bbtel:0682269607&Prime; button_text=\u00a0\u00bbAppeler\u00a0\u00bb button_alignment=\u00a0\u00bbcenter\u00a0\u00bb _builder_version=\u00a0\u00bb4.27.4&Prime; _module_preset=\u00a0\u00bb9d272e26-43e2-413d-88e1-f8da469a4fb8&Prime; global_colors_info=\u00a0\u00bb{}\u00a0\u00bb][\/et_pb_button][\/et_pb_column][et_pb_column type=\u00a0\u00bb1_2&Prime; _builder_version=\u00a0\u00bb4.27.4&Prime; _module_preset=\u00a0\u00bbdefault\u00a0\u00bb pac_dcm_carousel_specific_module_num=\u00a0\u00bb0&Prime; global_colors_info=\u00a0\u00bb{}\u00a0\u00bb][et_pb_text _builder_version=\u00a0\u00bb4.27.4&Prime; _module_preset=\u00a0\u00bbdcb4aabe-88d2-4f2c-b138-0d794d25cbd1&Prime; text_orientation=\u00a0\u00bbcenter\u00a0\u00bb custom_margin=\u00a0\u00bb||1rem||false|false\u00a0\u00bb custom_margin_tablet=\u00a0\u00bb2rem||1rem||false|false\u00a0\u00bb custom_margin_phone=\u00a0\u00bb2rem||1rem||false|false\u00a0\u00bb custom_margin_last_edited=\u00a0\u00bbon|tablet\u00a0\u00bb global_colors_info=\u00a0\u00bb{}\u00a0\u00bb]R\u00e9servez votre course en ligne<br \/>\n[\/et_pb_text][et_pb_button button_url=\u00a0\u00bb@ET-DC@eyJkeW5hbWljIjp0cnVlLCJjb250ZW50IjoicG9zdF9saW5rX3VybF9wYWdlIiwic2V0dGluZ3MiOnsicG9zdF9pZCI6IjIwMSJ9fQ==@\u00a0\u00bb button_text=\u00a0\u00bbR\u00e9server\u00a0\u00bb button_alignment=\u00a0\u00bbcenter\u00a0\u00bb _builder_version=\u00a0\u00bb4.27.4&Prime; _dynamic_attributes=\u00a0\u00bbbutton_url\u00a0\u00bb _module_preset=\u00a0\u00bb9d272e26-43e2-413d-88e1-f8da469a4fb8&Prime; global_colors_info=\u00a0\u00bb{}\u00a0\u00bb][\/et_pb_button][\/et_pb_column][\/et_pb_row][\/et_pb_section]<\/p>","protected":false},"excerpt":{"rendered":"<p>Il n\u2019est pas toujours \u00e9vident pour les parents de concilier emploi du temps charg\u00e9 et d\u00e9placements des enfants. Que ce soit pour aller \u00e0 l\u2019\u00e9cole, rejoindre un internat, attraper un train, ou se rendre \u00e0 une activit\u00e9, nous proposons un service de transport de mineurs fiable et encadr\u00e9. Nous sommes habitu\u00e9s \u00e0 conduire des enfants [&hellip;]<\/p>","protected":false},"author":1,"featured_media":0,"parent":205,"menu_order":0,"comment_status":"closed","ping_status":"closed","template":"","meta":{"_et_pb_use_builder":"on","_et_pb_old_content":"","_et_gb_content_width":"","footnotes":""},"class_list":["post-584","page","type-page","status-publish","hentry"],"yoast_head":"<!-- This site is optimized with the Yoast SEO plugin v27.3 - https:\/\/yoast.com\/product\/yoast-seo-wordpress\/ -->\n<title>Taxi ou VTC de confiance pour enfants desservant Angers<\/title>\n<meta name=\"description\" content=\"Taxi MGDRIVER49 veille au transport des mineurs, s\u2019assurant que vos enfants arrivent en toute s\u00e9curit\u00e9 autour d\u2019Angers et aupr\u00e8s des bonnes personnes\" \/>\n<meta name=\"robots\" content=\"index, follow, max-snippet:-1, max-image-preview:large, max-video-preview:-1\" \/>\n<link rel=\"canonical\" href=\"https:\/\/taxi-mgdriver49.fr\/en\/vos-besoins\/transport-de-mineurs-en-taxi-ou-vtc-a-angers\/\" \/>\n<meta property=\"og:locale\" content=\"en_GB\" \/>\n<meta property=\"og:type\" content=\"article\" \/>\n<meta property=\"og:title\" content=\"Taxi ou VTC de confiance pour enfants desservant Angers\" \/>\n<meta property=\"og:description\" content=\"Taxi MGDRIVER49 veille au transport des mineurs, s\u2019assurant que vos enfants arrivent en toute s\u00e9curit\u00e9 autour d\u2019Angers et aupr\u00e8s des bonnes personnes\" \/>\n<meta property=\"og:url\" content=\"https:\/\/taxi-mgdriver49.fr\/en\/vos-besoins\/transport-de-mineurs-en-taxi-ou-vtc-a-angers\/\" \/>\n<meta property=\"og:site_name\" content=\"Taxi MG Driver 49\" \/>\n<meta property=\"article:modified_time\" content=\"2025-10-10T07:39:14+00:00\" \/>\n<meta name=\"twitter:card\" content=\"summary_large_image\" \/>\n<meta name=\"twitter:label1\" content=\"Estimated reading time\" \/>\n\t<meta name=\"twitter:data1\" content=\"2 minutes\" \/>\n<script type=\"application\/ld+json\" class=\"yoast-schema-graph\">{\"@context\":\"https:\\\/\\\/schema.org\",\"@graph\":[{\"@type\":\"WebPage\",\"@id\":\"https:\\\/\\\/taxi-mgdriver49.fr\\\/vos-besoins\\\/transport-de-mineurs-en-taxi-ou-vtc-a-angers\\\/\",\"url\":\"https:\\\/\\\/taxi-mgdriver49.fr\\\/vos-besoins\\\/transport-de-mineurs-en-taxi-ou-vtc-a-angers\\\/\",\"name\":\"Taxi ou VTC de confiance pour enfants desservant Angers\",\"isPartOf\":{\"@id\":\"https:\\\/\\\/taxi-mgdriver49.fr\\\/#website\"},\"datePublished\":\"2025-05-15T11:34:41+00:00\",\"dateModified\":\"2025-10-10T07:39:14+00:00\",\"description\":\"Taxi MGDRIVER49 veille au transport des mineurs, s\u2019assurant que vos enfants arrivent en toute s\u00e9curit\u00e9 autour d\u2019Angers et aupr\u00e8s des bonnes personnes\",\"breadcrumb\":{\"@id\":\"https:\\\/\\\/taxi-mgdriver49.fr\\\/vos-besoins\\\/transport-de-mineurs-en-taxi-ou-vtc-a-angers\\\/#breadcrumb\"},\"inLanguage\":\"en-GB\",\"potentialAction\":[{\"@type\":\"ReadAction\",\"target\":[\"https:\\\/\\\/taxi-mgdriver49.fr\\\/vos-besoins\\\/transport-de-mineurs-en-taxi-ou-vtc-a-angers\\\/\"]}]},{\"@type\":\"BreadcrumbList\",\"@id\":\"https:\\\/\\\/taxi-mgdriver49.fr\\\/vos-besoins\\\/transport-de-mineurs-en-taxi-ou-vtc-a-angers\\\/#breadcrumb\",\"itemListElement\":[{\"@type\":\"ListItem\",\"position\":1,\"name\":\"Accueil\",\"item\":\"https:\\\/\\\/taxi-mgdriver49.fr\\\/\"},{\"@type\":\"ListItem\",\"position\":2,\"name\":\"Besoins de transport Taxi ou VTC sp\u00e9cifiques\",\"item\":\"https:\\\/\\\/taxi-mgdriver49.fr\\\/vos-besoins\\\/\"},{\"@type\":\"ListItem\",\"position\":3,\"name\":\"Transport de mineurs en taxi autour d\u2019Angers\"}]},{\"@type\":\"WebSite\",\"@id\":\"https:\\\/\\\/taxi-mgdriver49.fr\\\/#website\",\"url\":\"https:\\\/\\\/taxi-mgdriver49.fr\\\/\",\"name\":\"Taxi MG Driver 49\",\"description\":\"Taxi et VTC \u00e0 Angers et dans l&#039;agglom\u00e9ration angevine\",\"publisher\":{\"@id\":\"https:\\\/\\\/taxi-mgdriver49.fr\\\/#organization\"},\"potentialAction\":[{\"@type\":\"SearchAction\",\"target\":{\"@type\":\"EntryPoint\",\"urlTemplate\":\"https:\\\/\\\/taxi-mgdriver49.fr\\\/?s={search_term_string}\"},\"query-input\":{\"@type\":\"PropertyValueSpecification\",\"valueRequired\":true,\"valueName\":\"search_term_string\"}}],\"inLanguage\":\"en-GB\"},{\"@type\":\"Organization\",\"@id\":\"https:\\\/\\\/taxi-mgdriver49.fr\\\/#organization\",\"name\":\"Taxi MG Driver 49\",\"url\":\"https:\\\/\\\/taxi-mgdriver49.fr\\\/\",\"logo\":{\"@type\":\"ImageObject\",\"inLanguage\":\"en-GB\",\"@id\":\"https:\\\/\\\/taxi-mgdriver49.fr\\\/#\\\/schema\\\/logo\\\/image\\\/\",\"url\":\"https:\\\/\\\/taxi-mgdriver49.fr\\\/wp-content\\\/uploads\\\/2025\\\/04\\\/MG-DRIVER-49.webp\",\"contentUrl\":\"https:\\\/\\\/taxi-mgdriver49.fr\\\/wp-content\\\/uploads\\\/2025\\\/04\\\/MG-DRIVER-49.webp\",\"width\":2268,\"height\":2268,\"caption\":\"Taxi MG Driver 49\"},\"image\":{\"@id\":\"https:\\\/\\\/taxi-mgdriver49.fr\\\/#\\\/schema\\\/logo\\\/image\\\/\"}}]}<\/script>\n<!-- \/ Yoast SEO plugin. -->","yoast_head_json":{"title":"Taxi ou VTC de confiance pour enfants desservant Angers","description":"Taxi MGDRIVER49 veille au transport des mineurs, s\u2019assurant que vos enfants arrivent en toute s\u00e9curit\u00e9 autour d\u2019Angers et aupr\u00e8s des bonnes personnes","robots":{"index":"index","follow":"follow","max-snippet":"max-snippet:-1","max-image-preview":"max-image-preview:large","max-video-preview":"max-video-preview:-1"},"canonical":"https:\/\/taxi-mgdriver49.fr\/en\/vos-besoins\/transport-de-mineurs-en-taxi-ou-vtc-a-angers\/","og_locale":"en_GB","og_type":"article","og_title":"Taxi ou VTC de confiance pour enfants desservant Angers","og_description":"Taxi MGDRIVER49 veille au transport des mineurs, s\u2019assurant que vos enfants arrivent en toute s\u00e9curit\u00e9 autour d\u2019Angers et aupr\u00e8s des bonnes personnes","og_url":"https:\/\/taxi-mgdriver49.fr\/en\/vos-besoins\/transport-de-mineurs-en-taxi-ou-vtc-a-angers\/","og_site_name":"Taxi MG Driver 49","article_modified_time":"2025-10-10T07:39:14+00:00","twitter_card":"summary_large_image","twitter_misc":{"Estimated reading time":"2 minutes"},"schema":{"@context":"https:\/\/schema.org","@graph":[{"@type":"WebPage","@id":"https:\/\/taxi-mgdriver49.fr\/vos-besoins\/transport-de-mineurs-en-taxi-ou-vtc-a-angers\/","url":"https:\/\/taxi-mgdriver49.fr\/vos-besoins\/transport-de-mineurs-en-taxi-ou-vtc-a-angers\/","name":"Taxi ou VTC de confiance pour enfants desservant Angers","isPartOf":{"@id":"https:\/\/taxi-mgdriver49.fr\/#website"},"datePublished":"2025-05-15T11:34:41+00:00","dateModified":"2025-10-10T07:39:14+00:00","description":"Taxi MGDRIVER49 veille au transport des mineurs, s\u2019assurant que vos enfants arrivent en toute s\u00e9curit\u00e9 autour d\u2019Angers et aupr\u00e8s des bonnes personnes","breadcrumb":{"@id":"https:\/\/taxi-mgdriver49.fr\/vos-besoins\/transport-de-mineurs-en-taxi-ou-vtc-a-angers\/#breadcrumb"},"inLanguage":"en-GB","potentialAction":[{"@type":"ReadAction","target":["https:\/\/taxi-mgdriver49.fr\/vos-besoins\/transport-de-mineurs-en-taxi-ou-vtc-a-angers\/"]}]},{"@type":"BreadcrumbList","@id":"https:\/\/taxi-mgdriver49.fr\/vos-besoins\/transport-de-mineurs-en-taxi-ou-vtc-a-angers\/#breadcrumb","itemListElement":[{"@type":"ListItem","position":1,"name":"Accueil","item":"https:\/\/taxi-mgdriver49.fr\/"},{"@type":"ListItem","position":2,"name":"Besoins de transport Taxi ou VTC sp\u00e9cifiques","item":"https:\/\/taxi-mgdriver49.fr\/vos-besoins\/"},{"@type":"ListItem","position":3,"name":"Transport de mineurs en taxi autour d\u2019Angers"}]},{"@type":"WebSite","@id":"https:\/\/taxi-mgdriver49.fr\/#website","url":"https:\/\/taxi-mgdriver49.fr\/","name":"Taxi MG Driver 49","description":"Taxi et VTC \u00e0 Angers et dans l&#039;agglom\u00e9ration angevine","publisher":{"@id":"https:\/\/taxi-mgdriver49.fr\/#organization"},"potentialAction":[{"@type":"SearchAction","target":{"@type":"EntryPoint","urlTemplate":"https:\/\/taxi-mgdriver49.fr\/?s={search_term_string}"},"query-input":{"@type":"PropertyValueSpecification","valueRequired":true,"valueName":"search_term_string"}}],"inLanguage":"en-GB"},{"@type":"Organization","@id":"https:\/\/taxi-mgdriver49.fr\/#organization","name":"Taxi MG Driver 49","url":"https:\/\/taxi-mgdriver49.fr\/","logo":{"@type":"ImageObject","inLanguage":"en-GB","@id":"https:\/\/taxi-mgdriver49.fr\/#\/schema\/logo\/image\/","url":"https:\/\/taxi-mgdriver49.fr\/wp-content\/uploads\/2025\/04\/MG-DRIVER-49.webp","contentUrl":"https:\/\/taxi-mgdriver49.fr\/wp-content\/uploads\/2025\/04\/MG-DRIVER-49.webp","width":2268,"height":2268,"caption":"Taxi MG Driver 49"},"image":{"@id":"https:\/\/taxi-mgdriver49.fr\/#\/schema\/logo\/image\/"}}]}},"_links":{"self":[{"href":"https:\/\/taxi-mgdriver49.fr\/en\/wp-json\/wp\/v2\/pages\/584","targetHints":{"allow":["GET"]}}],"collection":[{"href":"https:\/\/taxi-mgdriver49.fr\/en\/wp-json\/wp\/v2\/pages"}],"about":[{"href":"https:\/\/taxi-mgdriver49.fr\/en\/wp-json\/wp\/v2\/types\/page"}],"author":[{"embeddable":true,"href":"https:\/\/taxi-mgdriver49.fr\/en\/wp-json\/wp\/v2\/users\/1"}],"replies":[{"embeddable":true,"href":"https:\/\/taxi-mgdriver49.fr\/en\/wp-json\/wp\/v2\/comments?post=584"}],"version-history":[{"count":5,"href":"https:\/\/taxi-mgdriver49.fr\/en\/wp-json\/wp\/v2\/pages\/584\/revisions"}],"predecessor-version":[{"id":750,"href":"https:\/\/taxi-mgdriver49.fr\/en\/wp-json\/wp\/v2\/pages\/584\/revisions\/750"}],"up":[{"embeddable":true,"href":"https:\/\/taxi-mgdriver49.fr\/en\/wp-json\/wp\/v2\/pages\/205"}],"wp:attachment":[{"href":"https:\/\/taxi-mgdriver49.fr\/en\/wp-json\/wp\/v2\/media?parent=584"}],"curies":[{"name":"wp","href":"https:\/\/api.w.org\/{rel}","templated":true}]}}