{"id":573,"date":"2025-05-06T12:29:50","date_gmt":"2025-05-06T12:29:50","guid":{"rendered":"https:\/\/taxi-mgdriver49.fr\/?page_id=573"},"modified":"2025-10-09T13:01:26","modified_gmt":"2025-10-09T13:01:26","slug":"transports-medicaux-et-personnes-agees","status":"publish","type":"page","link":"https:\/\/taxi-mgdriver49.fr\/en\/vos-besoins\/transports-medicaux-et-personnes-agees\/","title":{"rendered":"Medical journeys \/ Transport of the elderly by Taxi or VTC"},"content":{"rendered":"<p>[et_pb_section fb_built=\u00a0\u00bb1&Prime; _builder_version=\u00a0\u00bb4.27.4&Prime; _module_preset=\u00a0\u00bb1d95740f-d051-46f4-852a-d9898ab6ceea\u00a0\u00bb global_colors_info=\u00a0\u00bb{}\u00a0\u00bb][et_pb_row column_structure=\u00a0\u00bb1_2,1_2&Prime; _builder_version=\u00a0\u00bb4.27.4&Prime; _module_preset=\u00a0\u00bb59bdb108-e640-4b7f-a356-5ebe23de498a\u00a0\u00bb global_colors_info=\u00a0\u00bb{}\u00a0\u00bb custom_css_main_element_last_edited=\u00a0\u00bbon|tablet\u00a0\u00bb custom_css_main_element_tablet=\u00a0\u00bbdisplay:flex;||flex-wrap:wrap;\u00a0\u00bb custom_css_main_element_phone=\u00a0\u00bbdisplay:flex;||flex-wrap:wrap;\u00a0\u00bb][et_pb_column type=\u00a0\u00bb1_2&Prime; _builder_version=\u00a0\u00bb4.27.4&Prime; _module_preset=\u00a0\u00bbdefault\u00a0\u00bb custom_css_main_element=\u00a0\u00bbmargin:auto;\u00a0\u00bb pac_dcm_carousel_specific_module_num=\u00a0\u00bb0&Prime; global_colors_info=\u00a0\u00bb{}\u00a0\u00bb custom_css_main_element_last_edited=\u00a0\u00bbon|tablet\u00a0\u00bb custom_css_main_element_tablet=\u00a0\u00bborder:1;\u00a0\u00bb custom_css_main_element_phone=\u00a0\u00bborder:1;\u00a0\u00bb][et_pb_image src=\u00a0\u00bbhttps:\/\/taxi-mgdriver49.fr\/wp-content\/uploads\/2025\/05\/Taxi-MG-DRIVER-pour-vos-rendez-vous-medicaux-a-Angers.webp\u00a0\u00bb alt=\u00a0\u00bbTaxi MG DRIVER pour vos rendez-vous m\u00e9dicaux \u00e0 Angers\u00a0\u00bb title_text=\u00a0\u00bbTaxi MG DRIVER pour vos rendez-vous m\u00e9dicaux \u00e0 Angers\u00a0\u00bb force_fullwidth=\u00a0\u00bbon\u00a0\u00bb module_class=\u00a0\u00bbobjectFit\u00a0\u00bb _builder_version=\u00a0\u00bb4.27.4&Prime; _module_preset=\u00a0\u00bbdefault\u00a0\u00bb height=\u00a0\u00bb35rem\u00a0\u00bb height_tablet=\u00a0\u00bb25rem\u00a0\u00bb height_phone=\u00a0\u00bb25rem\u00a0\u00bb height_last_edited=\u00a0\u00bbon|tablet\u00a0\u00bb custom_margin=\u00a0\u00bb||||false|false\u00a0\u00bb custom_margin_tablet=\u00a0\u00bb2rem||||false|false\u00a0\u00bb custom_margin_phone=\u00a0\u00bb2rem||||false|false\u00a0\u00bb custom_margin_last_edited=\u00a0\u00bbon|tablet\u00a0\u00bb global_colors_info=\u00a0\u00bb{}\u00a0\u00bb][\/et_pb_image][\/et_pb_column][et_pb_column type=\u00a0\u00bb1_2&Prime; _builder_version=\u00a0\u00bb4.27.4&Prime; _module_preset=\u00a0\u00bbdefault\u00a0\u00bb custom_css_main_element=\u00a0\u00bbmargin:auto;\u00a0\u00bb pac_dcm_carousel_specific_module_num=\u00a0\u00bb0&Prime; global_colors_info=\u00a0\u00bb{}\u00a0\u00bb][et_pb_text _builder_version=\u00a0\u00bb4.27.4&Prime; _dynamic_attributes=\u00a0\u00bbcontent\u00a0\u00bb _module_preset=\u00a0\u00bbf1d5881f-56f0-4214-87f2-72a246fc913a\u00a0\u00bb header_font_size=\u00a0\u00bb50px\u00a0\u00bb header_font_size_tablet=\u00a0\u00bb50px\u00a0\u00bb header_font_size_phone=\u00a0\u00bb50px\u00a0\u00bb header_font_size_last_edited=\u00a0\u00bbon|phone\u00a0\u00bb global_colors_info=\u00a0\u00bb{}\u00a0\u00bb]@ET-DC@eyJkeW5hbWljIjp0cnVlLCJjb250ZW50IjoicG9zdF90aXRsZSIsInNldHRpbmdzIjp7ImJlZm9yZSI6IjxoMT4iLCJhZnRlciI6IjwvaDE+In19@[\/et_pb_text][et_pb_text _builder_version=\u00a0\u00bb4.27.4&Prime; _module_preset=\u00a0\u00bb4834f2dc-42ee-4988-af0b-516c8cdb56f6&Prime; hover_enabled=\u00a0\u00bb0&Prime; global_colors_info=\u00a0\u00bb{}\u00a0\u00bb sticky_enabled=\u00a0\u00bb0&Prime;]<\/p>\n<p>I regularly provide transportation to hospitals, clinics, treatment centers, or medical appointments, whether in the Angers sector or elsewhere. These transfers often require greater attention, punctuality, and comfort, especially when they concern elderly people or those with reduced mobility.<\/p>\n<p>As a self-employed driver, I take the time to adapt to each situation, with kindness and discretion.<\/p>\n<p>[\/et_pb_text][\/et_pb_column][\/et_pb_row][\/et_pb_section][et_pb_section fb_built=\u00a0\u00bb1&Prime; _builder_version=\u00a0\u00bb4.27.4&Prime; _module_preset=\u00a0\u00bbcac5ad3d-b826-44db-b5c7-d307440b3219&Prime; locked=\u00a0\u00bboff\u00a0\u00bb global_colors_info=\u00a0\u00bb{}\u00a0\u00bb][et_pb_row column_structure=\u00a0\u00bb1_2,1_2&Prime; gutter_width=\u00a0\u00bb3&Prime; make_equal=\u00a0\u00bbon\u00a0\u00bb _builder_version=\u00a0\u00bb4.27.4&Prime; _module_preset=\u00a0\u00bbdefault\u00a0\u00bb global_colors_info=\u00a0\u00bb{}\u00a0\u00bb][et_pb_column type=\u00a0\u00bb1_2&Prime; _builder_version=\u00a0\u00bb4.27.4&Prime; _module_preset=\u00a0\u00bbdefault\u00a0\u00bb custom_css_main_element=\u00a0\u00bbmargin:auto;\u00a0\u00bb pac_dcm_carousel_specific_module_num=\u00a0\u00bb0&Prime; global_colors_info=\u00a0\u00bb{}\u00a0\u00bb][et_pb_blurb title=\u00a0\u00bbUn trajet adapt\u00e9 \u00e0 chaque situation de sant\u00e9\u00a0\u00bb use_icon=\u00a0\u00bbon\u00a0\u00bb font_icon=\u00a0\u00bb&#xf111;||fa||900&Prime; _builder_version=\u00a0\u00bb4.27.4&Prime; _module_preset=\u00a0\u00bb66ab2c1d-2109-496d-ba42-f3517e6a498b\u00a0\u00bb background_color=\u00a0\u00bbRGBA(255,255,255,0)\u00a0\u00bb global_colors_info=\u00a0\u00bb{}\u00a0\u00bb][\/et_pb_blurb][et_pb_text _builder_version=\u00a0\u00bb4.27.4&Prime; _module_preset=\u00a0\u00bbdcb4aabe-88d2-4f2c-b138-0d794d25cbd1&Prime; link_text_color=\u00a0\u00bbgcid-57dd62c0-77a4-4dcf-aaf6-6a7e7df512b9&Prime; header_3_font=\u00a0\u00bb|600|||||||\u00a0\u00bb global_colors_info=\u00a0\u00bb{%22gcid-57dd62c0-77a4-4dcf-aaf6-6a7e7df512b9%22:%91%22link_text_color%22%93}\u00a0\u00bb]<\/p>\n<h2>Your <span class=\"customColor1\">medical transport needs <\/span> handled by a driver you can trust<\/h2>\n<p>Medical transport is not just a simple journey. It can mean going to a dialysis centre, a hospital appointment, a specialist consultation, or even a rehabilitation centre. In this context, transport can become a problem, and it is essential to be able to count on a driver who is punctual, attentive and organised.<\/p>\n<p>My service includes collection from home, assistance with departure if necessary, comfortable, air-conditioned transport adapted to the situation, and waiting on site if necessary (particularly for short appointments).<\/p>\n<p>[\/et_pb_text][et_pb_button button_url=\u00a0\u00bb@ET-DC@eyJkeW5hbWljIjp0cnVlLCJjb250ZW50IjoicG9zdF9saW5rX3VybF9wYWdlIiwic2V0dGluZ3MiOnsicG9zdF9pZCI6IjIwNyJ9fQ==@\u00a0\u00bb button_text=\u00a0\u00bbLes infos pratiques\u00a0\u00bb _builder_version=\u00a0\u00bb4.27.4&Prime; _dynamic_attributes=\u00a0\u00bbbutton_url\u00a0\u00bb _module_preset=\u00a0\u00bb9d272e26-43e2-413d-88e1-f8da469a4fb8&Prime; global_colors_info=\u00a0\u00bb{}\u00a0\u00bb][\/et_pb_button][\/et_pb_column][et_pb_column type=\u00a0\u00bb1_2&Prime; _builder_version=\u00a0\u00bb4.27.4&Prime; _module_preset=\u00a0\u00bbdefault\u00a0\u00bb pac_dcm_carousel_specific_module_num=\u00a0\u00bb0&Prime; global_colors_info=\u00a0\u00bb{}\u00a0\u00bb][et_pb_image src=\u00a0\u00bbhttps:\/\/taxi-mgdriver49.fr\/wp-content\/uploads\/2025\/05\/Transport-de-personnes-agees-en-taxi-ou-VTC-dans-le-Maine-et-Loire.webp\u00a0\u00bb alt=\u00a0\u00bbTransport de personnes \u00e2g\u00e9es en taxi ou VTC dans le Maine-et-Loire\u00a0\u00bb title_text=\u00a0\u00bbTransport de personnes \u00e2g\u00e9es en taxi ou VTC dans le Maine-et-Loire\u00a0\u00bb force_fullwidth=\u00a0\u00bbon\u00a0\u00bb module_class=\u00a0\u00bbobjectFit\u00a0\u00bb _builder_version=\u00a0\u00bb4.27.4&Prime; _module_preset=\u00a0\u00bbdefault\u00a0\u00bb height=\u00a0\u00bb50rem\u00a0\u00bb height_tablet=\u00a0\u00bb25rem\u00a0\u00bb height_phone=\u00a0\u00bb15rem\u00a0\u00bb height_last_edited=\u00a0\u00bbon|desktop\u00a0\u00bb custom_margin_tablet=\u00a0\u00bb2rem||||false|false\u00a0\u00bb custom_margin_phone=\u00a0\u00bb2rem||||false|false\u00a0\u00bb custom_margin_last_edited=\u00a0\u00bbon|tablet\u00a0\u00bb global_colors_info=\u00a0\u00bb{}\u00a0\u00bb][\/et_pb_image][\/et_pb_column][\/et_pb_row][et_pb_row column_structure=\u00a0\u00bb1_2,1_2&Prime; gutter_width=\u00a0\u00bb3&Prime; make_equal=\u00a0\u00bbon\u00a0\u00bb _builder_version=\u00a0\u00bb4.27.4&Prime; _module_preset=\u00a0\u00bbdefault\u00a0\u00bb custom_margin=\u00a0\u00bb5vw||0px||false|false\u00a0\u00bb custom_margin_tablet=\u00a0\u00bb5vw||0px||false|false\u00a0\u00bb custom_margin_phone=\u00a0\u00bb3rem||0px||false|false\u00a0\u00bb custom_margin_last_edited=\u00a0\u00bbon|phone\u00a0\u00bb global_colors_info=\u00a0\u00bb{}\u00a0\u00bb][et_pb_column type=\u00a0\u00bb1_2&Prime; _builder_version=\u00a0\u00bb4.27.4&Prime; _module_preset=\u00a0\u00bbdefault\u00a0\u00bb pac_dcm_carousel_specific_module_num=\u00a0\u00bb0&Prime; global_colors_info=\u00a0\u00bb{}\u00a0\u00bb][et_pb_text _builder_version=\u00a0\u00bb4.27.4&Prime; _module_preset=\u00a0\u00bbdcb4aabe-88d2-4f2c-b138-0d794d25cbd1&Prime; link_text_color=\u00a0\u00bbgcid-57dd62c0-77a4-4dcf-aaf6-6a7e7df512b9&Prime; header_3_font=\u00a0\u00bb|600|||||||\u00a0\u00bb global_colors_info=\u00a0\u00bb{%22gcid-57dd62c0-77a4-4dcf-aaf6-6a7e7df512b9%22:%91%22link_text_color%22%93}\u00a0\u00bb]<\/p>\n<h2>Towards the best<span class=\"customColor1\"> hospitals <\/span>in France<\/h2>\n<p>Is your appointment in <a href=\"\/en\/trajets-frequents-taxi-angers\/taxi-angers-nantes\/\">Nantes<\/a>, <a href=\"\/en\/trajets-frequents-taxi-angers\/angers-paris-en-taxi\/\">Paris<\/a>, Rennes or elsewhere? I serve <a href=\"\/en\/trajets-frequents-taxi-angers\/\">any destination in France<\/a>.<\/p>\n<p>Find out more on the relevant page!<\/p>\n<p>[\/et_pb_text][\/et_pb_column][et_pb_column type=\u00a0\u00bb1_2&Prime; _builder_version=\u00a0\u00bb4.27.4&Prime; _module_preset=\u00a0\u00bbdefault\u00a0\u00bb custom_css_main_element=\u00a0\u00bbmargin:auto;\u00a0\u00bb pac_dcm_carousel_specific_module_num=\u00a0\u00bb0&Prime; global_colors_info=\u00a0\u00bb{}\u00a0\u00bb][et_pb_text _builder_version=\u00a0\u00bb4.27.4&Prime; _module_preset=\u00a0\u00bbdcb4aabe-88d2-4f2c-b138-0d794d25cbd1&Prime; link_text_color=\u00a0\u00bbgcid-57dd62c0-77a4-4dcf-aaf6-6a7e7df512b9&Prime; header_3_font=\u00a0\u00bb|600|||||||\u00a0\u00bb global_colors_info=\u00a0\u00bb{%22gcid-57dd62c0-77a4-4dcf-aaf6-6a7e7df512b9%22:%91%22link_text_color%22%93}\u00a0\u00bb]<\/p>\n<h2>What you need to plan for<span class=\"customColor1\"> a successful <\/span>medical journey<\/h2>\n<p>Before booking, please let me know if the person is travelling alone or accompanied, if they have mobility problems or if they require special assistance.<\/p>\n<p>I can adapt to specific needs, provide extra assistance and help you organise the return journey. And don't hesitate to send me practical information about the meeting place and times, and to ask any questions you may have beforehand.<\/p>\n<p>[\/et_pb_text][\/et_pb_column][\/et_pb_row][\/et_pb_section][et_pb_section fb_built=\u00a0\u00bb1&Prime; _builder_version=\u00a0\u00bb4.27.4&Prime; _module_preset=\u00a0\u00bbe029770f-643c-4558-8bd6-12a09a237df4&Prime; custom_padding=\u00a0\u00bb100px||100px||true|false\u00a0\u00bb saved_tabs=\u00a0\u00bball\u00a0\u00bb][et_pb_row gutter_width=\u00a0\u00bb2&Prime; _builder_version=\u00a0\u00bb4.27.4&Prime; _module_preset=\u00a0\u00bbdefault\u00a0\u00bb global_colors_info=\u00a0\u00bb{}\u00a0\u00bb][et_pb_column type=\u00a0\u00bb4_4&Prime; _builder_version=\u00a0\u00bb4.24.3&Prime; _module_preset=\u00a0\u00bbdefault\u00a0\u00bb pac_dcm_carousel_specific_module_num=\u00a0\u00bb0&Prime; global_colors_info=\u00a0\u00bb{}\u00a0\u00bb][et_pb_text _builder_version=\u00a0\u00bb4.27.4&Prime; _module_preset=\u00a0\u00bbdcb4aabe-88d2-4f2c-b138-0d794d25cbd1&Prime; header_2_text_align=\u00a0\u00bbcenter\u00a0\u00bb global_colors_info=\u00a0\u00bb{}\u00a0\u00bb]<\/p>\n<h2>Need a Taxi or VTC for a medical appointment?<\/h2>\n<p>[\/et_pb_text][\/et_pb_column][\/et_pb_row][et_pb_row column_structure=\u00a0\u00bb1_2,1_2&Prime; _builder_version=\u00a0\u00bb4.27.4&Prime; _module_preset=\u00a0\u00bbdefault\u00a0\u00bb custom_margin=\u00a0\u00bb2rem||0px||false|false\u00a0\u00bb global_colors_info=\u00a0\u00bb{}\u00a0\u00bb][et_pb_column type=\u00a0\u00bb1_2&Prime; _builder_version=\u00a0\u00bb4.27.4&Prime; _module_preset=\u00a0\u00bbdefault\u00a0\u00bb pac_dcm_carousel_specific_module_num=\u00a0\u00bb0&Prime; global_colors_info=\u00a0\u00bb{}\u00a0\u00bb][et_pb_text _builder_version=\u00a0\u00bb4.27.4&Prime; _module_preset=\u00a0\u00bbdcb4aabe-88d2-4f2c-b138-0d794d25cbd1&Prime; text_orientation=\u00a0\u00bbcenter\u00a0\u00bb custom_margin=\u00a0\u00bb||1rem||false|false\u00a0\u00bb global_colors_info=\u00a0\u00bb{}\u00a0\u00bb]<\/p>\n<p>Call me on 06 82 26 96 07<\/p>\n<p>[\/et_pb_text][et_pb_button button_url=\u00a0\u00bbtel:0682269607&Prime; button_text=\u00a0\u00bbAppeler\u00a0\u00bb button_alignment=\u00a0\u00bbcenter\u00a0\u00bb _builder_version=\u00a0\u00bb4.27.4&Prime; _module_preset=\u00a0\u00bb9d272e26-43e2-413d-88e1-f8da469a4fb8&Prime; global_colors_info=\u00a0\u00bb{}\u00a0\u00bb][\/et_pb_button][\/et_pb_column][et_pb_column type=\u00a0\u00bb1_2&Prime; _builder_version=\u00a0\u00bb4.27.4&Prime; _module_preset=\u00a0\u00bbdefault\u00a0\u00bb pac_dcm_carousel_specific_module_num=\u00a0\u00bb0&Prime; global_colors_info=\u00a0\u00bb{}\u00a0\u00bb][et_pb_text _builder_version=\u00a0\u00bb4.27.4&Prime; _module_preset=\u00a0\u00bbdcb4aabe-88d2-4f2c-b138-0d794d25cbd1&Prime; text_orientation=\u00a0\u00bbcenter\u00a0\u00bb custom_margin=\u00a0\u00bb||1rem||false|false\u00a0\u00bb custom_margin_tablet=\u00a0\u00bb2rem||1rem||false|false\u00a0\u00bb custom_margin_phone=\u00a0\u00bb2rem||1rem||false|false\u00a0\u00bb custom_margin_last_edited=\u00a0\u00bbon|tablet\u00a0\u00bb global_colors_info=\u00a0\u00bb{}\u00a0\u00bb]<\/p>\n<p>Book your ride online<\/p>\n<p>[\/et_pb_text][et_pb_button button_url=\u00a0\u00bb@ET-DC@eyJkeW5hbWljIjp0cnVlLCJjb250ZW50IjoicG9zdF9saW5rX3VybF9wYWdlIiwic2V0dGluZ3MiOnsicG9zdF9pZCI6IjIwMSJ9fQ==@\u00a0\u00bb button_text=\u00a0\u00bbR\u00e9server\u00a0\u00bb button_alignment=\u00a0\u00bbcenter\u00a0\u00bb _builder_version=\u00a0\u00bb4.27.4&Prime; _dynamic_attributes=\u00a0\u00bbbutton_url\u00a0\u00bb _module_preset=\u00a0\u00bb9d272e26-43e2-413d-88e1-f8da469a4fb8&Prime; global_colors_info=\u00a0\u00bb{}\u00a0\u00bb][\/et_pb_button][\/et_pb_column][\/et_pb_row][\/et_pb_section]<\/p>","protected":false},"excerpt":{"rendered":"<p>J\u2019assure r\u00e9guli\u00e8rement des trajets vers les h\u00f4pitaux, cliniques, centres de soins ou rendez-vous m\u00e9dicaux, sur le secteur d\u2019Angers ou ailleurs. Ces transports n\u00e9cessitent souvent plus d\u2019attention, de ponctualit\u00e9 et de confort, surtout lorsqu\u2019ils concernent des personnes \u00e2g\u00e9es ou en perte d\u2019autonomie. En tant que chauffeur ind\u00e9pendant, je prends le temps de m\u2019adapter \u00e0 chaque situation, [&hellip;]<\/p>","protected":false},"author":1,"featured_media":0,"parent":205,"menu_order":0,"comment_status":"closed","ping_status":"closed","template":"","meta":{"_et_pb_use_builder":"on","_et_pb_old_content":"","_et_gb_content_width":"","footnotes":""},"class_list":["post-573","page","type-page","status-publish","hentry"],"yoast_head":"<!-- This site is optimized with the Yoast SEO plugin v27.3 - https:\/\/yoast.com\/product\/yoast-seo-wordpress\/ -->\n<title>Trajets m\u00e9dicaux ou personnes \u00e2g\u00e9es dans le Maine-et-Loire<\/title>\n<meta name=\"description\" content=\"Taxi et VTC, MG Driver vous transporte vous ou vos proches \u00e2g\u00e9s vers vos rendez-vous m\u00e9dicaux dans le Maine-et-Loire ou ailleurs\" \/>\n<meta name=\"robots\" content=\"index, follow, max-snippet:-1, max-image-preview:large, max-video-preview:-1\" \/>\n<link rel=\"canonical\" href=\"https:\/\/taxi-mgdriver49.fr\/en\/vos-besoins\/transports-medicaux-et-personnes-agees\/\" \/>\n<meta property=\"og:locale\" content=\"en_GB\" \/>\n<meta property=\"og:type\" content=\"article\" \/>\n<meta property=\"og:title\" content=\"Trajets m\u00e9dicaux ou personnes \u00e2g\u00e9es dans le Maine-et-Loire\" \/>\n<meta property=\"og:description\" content=\"Taxi et VTC, MG Driver vous transporte vous ou vos proches \u00e2g\u00e9s vers vos rendez-vous m\u00e9dicaux dans le Maine-et-Loire ou ailleurs\" \/>\n<meta property=\"og:url\" content=\"https:\/\/taxi-mgdriver49.fr\/en\/vos-besoins\/transports-medicaux-et-personnes-agees\/\" \/>\n<meta property=\"og:site_name\" content=\"Taxi MG Driver 49\" \/>\n<meta property=\"article:modified_time\" content=\"2025-10-09T13:01:26+00:00\" \/>\n<meta name=\"twitter:card\" content=\"summary_large_image\" \/>\n<meta name=\"twitter:label1\" content=\"Estimated reading time\" \/>\n\t<meta name=\"twitter:data1\" content=\"2 minutes\" \/>\n<script type=\"application\/ld+json\" class=\"yoast-schema-graph\">{\"@context\":\"https:\\\/\\\/schema.org\",\"@graph\":[{\"@type\":\"WebPage\",\"@id\":\"https:\\\/\\\/taxi-mgdriver49.fr\\\/vos-besoins\\\/transports-medicaux-et-personnes-agees\\\/\",\"url\":\"https:\\\/\\\/taxi-mgdriver49.fr\\\/vos-besoins\\\/transports-medicaux-et-personnes-agees\\\/\",\"name\":\"Trajets m\u00e9dicaux ou personnes \u00e2g\u00e9es dans le Maine-et-Loire\",\"isPartOf\":{\"@id\":\"https:\\\/\\\/taxi-mgdriver49.fr\\\/#website\"},\"datePublished\":\"2025-05-06T12:29:50+00:00\",\"dateModified\":\"2025-10-09T13:01:26+00:00\",\"description\":\"Taxi et VTC, MG Driver vous transporte vous ou vos proches \u00e2g\u00e9s vers vos rendez-vous m\u00e9dicaux dans le Maine-et-Loire ou ailleurs\",\"breadcrumb\":{\"@id\":\"https:\\\/\\\/taxi-mgdriver49.fr\\\/vos-besoins\\\/transports-medicaux-et-personnes-agees\\\/#breadcrumb\"},\"inLanguage\":\"en-GB\",\"potentialAction\":[{\"@type\":\"ReadAction\",\"target\":[\"https:\\\/\\\/taxi-mgdriver49.fr\\\/vos-besoins\\\/transports-medicaux-et-personnes-agees\\\/\"]}]},{\"@type\":\"BreadcrumbList\",\"@id\":\"https:\\\/\\\/taxi-mgdriver49.fr\\\/vos-besoins\\\/transports-medicaux-et-personnes-agees\\\/#breadcrumb\",\"itemListElement\":[{\"@type\":\"ListItem\",\"position\":1,\"name\":\"Accueil\",\"item\":\"https:\\\/\\\/taxi-mgdriver49.fr\\\/\"},{\"@type\":\"ListItem\",\"position\":2,\"name\":\"Besoins de transport Taxi ou VTC sp\u00e9cifiques\",\"item\":\"https:\\\/\\\/taxi-mgdriver49.fr\\\/vos-besoins\\\/\"},{\"@type\":\"ListItem\",\"position\":3,\"name\":\"Trajets m\u00e9dicaux \\\/ Transport de personnes \u00e2g\u00e9es en Taxi\"}]},{\"@type\":\"WebSite\",\"@id\":\"https:\\\/\\\/taxi-mgdriver49.fr\\\/#website\",\"url\":\"https:\\\/\\\/taxi-mgdriver49.fr\\\/\",\"name\":\"Taxi MG Driver 49\",\"description\":\"Taxi et VTC \u00e0 Angers et dans l&#039;agglom\u00e9ration angevine\",\"publisher\":{\"@id\":\"https:\\\/\\\/taxi-mgdriver49.fr\\\/#organization\"},\"potentialAction\":[{\"@type\":\"SearchAction\",\"target\":{\"@type\":\"EntryPoint\",\"urlTemplate\":\"https:\\\/\\\/taxi-mgdriver49.fr\\\/?s={search_term_string}\"},\"query-input\":{\"@type\":\"PropertyValueSpecification\",\"valueRequired\":true,\"valueName\":\"search_term_string\"}}],\"inLanguage\":\"en-GB\"},{\"@type\":\"Organization\",\"@id\":\"https:\\\/\\\/taxi-mgdriver49.fr\\\/#organization\",\"name\":\"Taxi MG Driver 49\",\"url\":\"https:\\\/\\\/taxi-mgdriver49.fr\\\/\",\"logo\":{\"@type\":\"ImageObject\",\"inLanguage\":\"en-GB\",\"@id\":\"https:\\\/\\\/taxi-mgdriver49.fr\\\/#\\\/schema\\\/logo\\\/image\\\/\",\"url\":\"https:\\\/\\\/taxi-mgdriver49.fr\\\/wp-content\\\/uploads\\\/2025\\\/04\\\/MG-DRIVER-49.webp\",\"contentUrl\":\"https:\\\/\\\/taxi-mgdriver49.fr\\\/wp-content\\\/uploads\\\/2025\\\/04\\\/MG-DRIVER-49.webp\",\"width\":2268,\"height\":2268,\"caption\":\"Taxi MG Driver 49\"},\"image\":{\"@id\":\"https:\\\/\\\/taxi-mgdriver49.fr\\\/#\\\/schema\\\/logo\\\/image\\\/\"}}]}<\/script>\n<!-- \/ Yoast SEO plugin. -->","yoast_head_json":{"title":"Trajets m\u00e9dicaux ou personnes \u00e2g\u00e9es dans le Maine-et-Loire","description":"Taxi et VTC, MG Driver vous transporte vous ou vos proches \u00e2g\u00e9s vers vos rendez-vous m\u00e9dicaux dans le Maine-et-Loire ou ailleurs","robots":{"index":"index","follow":"follow","max-snippet":"max-snippet:-1","max-image-preview":"max-image-preview:large","max-video-preview":"max-video-preview:-1"},"canonical":"https:\/\/taxi-mgdriver49.fr\/en\/vos-besoins\/transports-medicaux-et-personnes-agees\/","og_locale":"en_GB","og_type":"article","og_title":"Trajets m\u00e9dicaux ou personnes \u00e2g\u00e9es dans le Maine-et-Loire","og_description":"Taxi et VTC, MG Driver vous transporte vous ou vos proches \u00e2g\u00e9s vers vos rendez-vous m\u00e9dicaux dans le Maine-et-Loire ou ailleurs","og_url":"https:\/\/taxi-mgdriver49.fr\/en\/vos-besoins\/transports-medicaux-et-personnes-agees\/","og_site_name":"Taxi MG Driver 49","article_modified_time":"2025-10-09T13:01:26+00:00","twitter_card":"summary_large_image","twitter_misc":{"Estimated reading time":"2 minutes"},"schema":{"@context":"https:\/\/schema.org","@graph":[{"@type":"WebPage","@id":"https:\/\/taxi-mgdriver49.fr\/vos-besoins\/transports-medicaux-et-personnes-agees\/","url":"https:\/\/taxi-mgdriver49.fr\/vos-besoins\/transports-medicaux-et-personnes-agees\/","name":"Trajets m\u00e9dicaux ou personnes \u00e2g\u00e9es dans le Maine-et-Loire","isPartOf":{"@id":"https:\/\/taxi-mgdriver49.fr\/#website"},"datePublished":"2025-05-06T12:29:50+00:00","dateModified":"2025-10-09T13:01:26+00:00","description":"Taxi et VTC, MG Driver vous transporte vous ou vos proches \u00e2g\u00e9s vers vos rendez-vous m\u00e9dicaux dans le Maine-et-Loire ou ailleurs","breadcrumb":{"@id":"https:\/\/taxi-mgdriver49.fr\/vos-besoins\/transports-medicaux-et-personnes-agees\/#breadcrumb"},"inLanguage":"en-GB","potentialAction":[{"@type":"ReadAction","target":["https:\/\/taxi-mgdriver49.fr\/vos-besoins\/transports-medicaux-et-personnes-agees\/"]}]},{"@type":"BreadcrumbList","@id":"https:\/\/taxi-mgdriver49.fr\/vos-besoins\/transports-medicaux-et-personnes-agees\/#breadcrumb","itemListElement":[{"@type":"ListItem","position":1,"name":"Accueil","item":"https:\/\/taxi-mgdriver49.fr\/"},{"@type":"ListItem","position":2,"name":"Besoins de transport Taxi ou VTC sp\u00e9cifiques","item":"https:\/\/taxi-mgdriver49.fr\/vos-besoins\/"},{"@type":"ListItem","position":3,"name":"Trajets m\u00e9dicaux \/ Transport de personnes \u00e2g\u00e9es en Taxi"}]},{"@type":"WebSite","@id":"https:\/\/taxi-mgdriver49.fr\/#website","url":"https:\/\/taxi-mgdriver49.fr\/","name":"Taxi MG Driver 49","description":"Taxi et VTC \u00e0 Angers et dans l&#039;agglom\u00e9ration angevine","publisher":{"@id":"https:\/\/taxi-mgdriver49.fr\/#organization"},"potentialAction":[{"@type":"SearchAction","target":{"@type":"EntryPoint","urlTemplate":"https:\/\/taxi-mgdriver49.fr\/?s={search_term_string}"},"query-input":{"@type":"PropertyValueSpecification","valueRequired":true,"valueName":"search_term_string"}}],"inLanguage":"en-GB"},{"@type":"Organization","@id":"https:\/\/taxi-mgdriver49.fr\/#organization","name":"Taxi MG Driver 49","url":"https:\/\/taxi-mgdriver49.fr\/","logo":{"@type":"ImageObject","inLanguage":"en-GB","@id":"https:\/\/taxi-mgdriver49.fr\/#\/schema\/logo\/image\/","url":"https:\/\/taxi-mgdriver49.fr\/wp-content\/uploads\/2025\/04\/MG-DRIVER-49.webp","contentUrl":"https:\/\/taxi-mgdriver49.fr\/wp-content\/uploads\/2025\/04\/MG-DRIVER-49.webp","width":2268,"height":2268,"caption":"Taxi MG Driver 49"},"image":{"@id":"https:\/\/taxi-mgdriver49.fr\/#\/schema\/logo\/image\/"}}]}},"_links":{"self":[{"href":"https:\/\/taxi-mgdriver49.fr\/en\/wp-json\/wp\/v2\/pages\/573","targetHints":{"allow":["GET"]}}],"collection":[{"href":"https:\/\/taxi-mgdriver49.fr\/en\/wp-json\/wp\/v2\/pages"}],"about":[{"href":"https:\/\/taxi-mgdriver49.fr\/en\/wp-json\/wp\/v2\/types\/page"}],"author":[{"embeddable":true,"href":"https:\/\/taxi-mgdriver49.fr\/en\/wp-json\/wp\/v2\/users\/1"}],"replies":[{"embeddable":true,"href":"https:\/\/taxi-mgdriver49.fr\/en\/wp-json\/wp\/v2\/comments?post=573"}],"version-history":[{"count":5,"href":"https:\/\/taxi-mgdriver49.fr\/en\/wp-json\/wp\/v2\/pages\/573\/revisions"}],"predecessor-version":[{"id":739,"href":"https:\/\/taxi-mgdriver49.fr\/en\/wp-json\/wp\/v2\/pages\/573\/revisions\/739"}],"up":[{"embeddable":true,"href":"https:\/\/taxi-mgdriver49.fr\/en\/wp-json\/wp\/v2\/pages\/205"}],"wp:attachment":[{"href":"https:\/\/taxi-mgdriver49.fr\/en\/wp-json\/wp\/v2\/media?parent=573"}],"curies":[{"name":"wp","href":"https:\/\/api.w.org\/{rel}","templated":true}]}}