{"id":537,"date":"2025-05-05T14:31:45","date_gmt":"2025-05-05T14:31:45","guid":{"rendered":"https:\/\/taxi-mgdriver49.fr\/?page_id=537"},"modified":"2025-07-29T12:51:02","modified_gmt":"2025-07-29T12:51:02","slug":"taxi-angers-nantes","status":"publish","type":"page","link":"https:\/\/taxi-mgdriver49.fr\/en\/trajets-frequents-taxi-angers\/taxi-angers-nantes\/","title":{"rendered":"Angers to Nantes taxi or VTC journeys"},"content":{"rendered":"<p>[et_pb_section fb_built=\u00a0\u00bb1&Prime; _builder_version=\u00a0\u00bb4.27.4&Prime; _module_preset=\u00a0\u00bb1d95740f-d051-46f4-852a-d9898ab6ceea\u00a0\u00bb global_colors_info=\u00a0\u00bb{}\u00a0\u00bb][et_pb_row column_structure=\u00a0\u00bb1_2,1_2&Prime; _builder_version=\u00a0\u00bb4.27.4&Prime; _module_preset=\u00a0\u00bb59bdb108-e640-4b7f-a356-5ebe23de498a\u00a0\u00bb global_colors_info=\u00a0\u00bb{}\u00a0\u00bb custom_css_main_element_last_edited=\u00a0\u00bbon|tablet\u00a0\u00bb custom_css_main_element_tablet=\u00a0\u00bbdisplay:flex;||flex-wrap:wrap;\u00a0\u00bb custom_css_main_element_phone=\u00a0\u00bbdisplay:flex;||flex-wrap:wrap;\u00a0\u00bb][et_pb_column type=\u00a0\u00bb1_2&Prime; _builder_version=\u00a0\u00bb4.27.4&Prime; _module_preset=\u00a0\u00bbdefault\u00a0\u00bb custom_css_main_element=\u00a0\u00bbmargin:auto;\u00a0\u00bb pac_dcm_carousel_specific_module_num=\u00a0\u00bb0&Prime; global_colors_info=\u00a0\u00bb{}\u00a0\u00bb custom_css_main_element_last_edited=\u00a0\u00bbon|tablet\u00a0\u00bb custom_css_main_element_tablet=\u00a0\u00bborder:1;\u00a0\u00bb custom_css_main_element_phone=\u00a0\u00bborder:1;\u00a0\u00bb][et_pb_image src=\u00a0\u00bbhttps:\/\/taxi-mgdriver49.fr\/wp-content\/uploads\/2025\/05\/Nantes-capitale-des-ducs-de-Bretagne.webp\u00a0\u00bb alt=\u00a0\u00bbNantes, capitale des ducs de Bretagne\u00a0\u00bb title_text=\u00a0\u00bbNantes, capitale des ducs de Bretagne\u00a0\u00bb force_fullwidth=\u00a0\u00bbon\u00a0\u00bb module_class=\u00a0\u00bbobjectFit\u00a0\u00bb _builder_version=\u00a0\u00bb4.27.4&Prime; _module_preset=\u00a0\u00bbdefault\u00a0\u00bb height=\u00a0\u00bb35rem\u00a0\u00bb height_tablet=\u00a0\u00bb25rem\u00a0\u00bb height_phone=\u00a0\u00bb25rem\u00a0\u00bb height_last_edited=\u00a0\u00bbon|tablet\u00a0\u00bb custom_margin=\u00a0\u00bb||||false|false\u00a0\u00bb custom_margin_tablet=\u00a0\u00bb2rem||||false|false\u00a0\u00bb custom_margin_phone=\u00a0\u00bb2rem||||false|false\u00a0\u00bb custom_margin_last_edited=\u00a0\u00bbon|tablet\u00a0\u00bb global_colors_info=\u00a0\u00bb{}\u00a0\u00bb][\/et_pb_image][\/et_pb_column][et_pb_column type=\u00a0\u00bb1_2&Prime; _builder_version=\u00a0\u00bb4.27.4&Prime; _module_preset=\u00a0\u00bbdefault\u00a0\u00bb custom_css_main_element=\u00a0\u00bbmargin:auto;\u00a0\u00bb pac_dcm_carousel_specific_module_num=\u00a0\u00bb0&Prime; global_colors_info=\u00a0\u00bb{}\u00a0\u00bb][et_pb_text _builder_version=\u00a0\u00bb4.27.4&Prime; _dynamic_attributes=\u00a0\u00bbcontent\u00a0\u00bb _module_preset=\u00a0\u00bbf1d5881f-56f0-4214-87f2-72a246fc913a\u00a0\u00bb global_colors_info=\u00a0\u00bb{}\u00a0\u00bb]@ET-DC@eyJkeW5hbWljIjp0cnVlLCJjb250ZW50IjoicG9zdF90aXRsZSIsInNldHRpbmdzIjp7ImJlZm9yZSI6IjxoMT4iLCJhZnRlciI6IjwvaDE+In19@[\/et_pb_text][et_pb_text _builder_version=\u00a0\u00bb4.27.4&Prime; _module_preset=\u00a0\u00bb4834f2dc-42ee-4988-af0b-516c8cdb56f6&Prime; global_colors_info=\u00a0\u00bb{}\u00a0\u00bb]<\/p>\n<p>Need a fast, comfortable journey between Angers and Nantes? Whether you have a business appointment, a flight to catch at the airport or a cultural visit, we can offer you a tailor-made taxi service, available on reservation.<\/p>\n<p>[\/et_pb_text][\/et_pb_column][\/et_pb_row][\/et_pb_section][et_pb_section fb_built=\u00a0\u00bb1&Prime; _builder_version=\u00a0\u00bb4.27.4&Prime; _module_preset=\u00a0\u00bbcac5ad3d-b826-44db-b5c7-d307440b3219&Prime; locked=\u00a0\u00bboff\u00a0\u00bb global_colors_info=\u00a0\u00bb{}\u00a0\u00bb][et_pb_row column_structure=\u00a0\u00bb1_2,1_2&Prime; gutter_width=\u00a0\u00bb3&Prime; make_equal=\u00a0\u00bbon\u00a0\u00bb _builder_version=\u00a0\u00bb4.27.4&Prime; _module_preset=\u00a0\u00bbdefault\u00a0\u00bb global_colors_info=\u00a0\u00bb{}\u00a0\u00bb][et_pb_column type=\u00a0\u00bb1_2&Prime; _builder_version=\u00a0\u00bb4.27.4&Prime; _module_preset=\u00a0\u00bbdefault\u00a0\u00bb custom_css_main_element=\u00a0\u00bbmargin:auto;\u00a0\u00bb pac_dcm_carousel_specific_module_num=\u00a0\u00bb0&Prime; global_colors_info=\u00a0\u00bb{}\u00a0\u00bb][et_pb_blurb title=\u00a0\u00bbNantes \u00e0 toute heure\u00a0\u00bb use_icon=\u00a0\u00bbon\u00a0\u00bb font_icon=\u00a0\u00bb&#xf111;||fa||900&Prime; _builder_version=\u00a0\u00bb4.27.4&Prime; _module_preset=\u00a0\u00bb66ab2c1d-2109-496d-ba42-f3517e6a498b\u00a0\u00bb background_color=\u00a0\u00bbRGBA(255,255,255,0)\u00a0\u00bb global_colors_info=\u00a0\u00bb{}\u00a0\u00bb][\/et_pb_blurb][et_pb_text _builder_version=\u00a0\u00bb4.27.4&Prime; _module_preset=\u00a0\u00bbdcb4aabe-88d2-4f2c-b138-0d794d25cbd1&Prime; link_text_color=\u00a0\u00bbgcid-57dd62c0-77a4-4dcf-aaf6-6a7e7df512b9&Prime; header_3_font=\u00a0\u00bb|600|||||||\u00a0\u00bb global_colors_info=\u00a0\u00bb{%22gcid-57dd62c0-77a4-4dcf-aaf6-6a7e7df512b9%22:%91%22link_text_color%22%93}\u00a0\u00bb]<\/p>\n<h2>Angers \u2013 Nantes, <span class=\"customColor1\">a simple connection <\/span> with a private driver<\/h2>\n<p>The average journey time between Angers and Nantes is around 1 hour 20 minutes. We regularly make this journey on request, for departures early in the morning, during the day or in the evening, depending on your needs.<\/p>\n<p>We also cover the towns and villages in between if you need to make a stop along the way. You get a comfortable vehicle, a punctual service, and above all: total peace of mind.<\/p>\n<h3>Professionals, students, regular travellers<\/h3>\n<p>This route is particularly popular with business travellers, students, or travellers taking a flight or train to another city.<\/p>\n<p>By choosing private transport, you avoid delays, waiting in stations or crowded trains. You'll arrive on time, relaxed and ready for your day. We can also wait for you on the return journey if you wish, or organise a return journey on the same day.<\/p>\n<p>[\/et_pb_text][et_pb_button button_url=\u00a0\u00bb@ET-DC@eyJkeW5hbWljIjp0cnVlLCJjb250ZW50IjoicG9zdF9saW5rX3VybF9wYWdlIiwic2V0dGluZ3MiOnsicG9zdF9pZCI6IjIwNyJ9fQ==@\u00a0\u00bb button_text=\u00a0\u00bbLes infos pratiques\u00a0\u00bb _builder_version=\u00a0\u00bb4.27.4&Prime; _dynamic_attributes=\u00a0\u00bbbutton_url\u00a0\u00bb _module_preset=\u00a0\u00bb9d272e26-43e2-413d-88e1-f8da469a4fb8&Prime; global_colors_info=\u00a0\u00bb{}\u00a0\u00bb][\/et_pb_button][\/et_pb_column][et_pb_column type=\u00a0\u00bb1_2&Prime; _builder_version=\u00a0\u00bb4.27.4&Prime; _module_preset=\u00a0\u00bbdefault\u00a0\u00bb pac_dcm_carousel_specific_module_num=\u00a0\u00bb0&Prime; global_colors_info=\u00a0\u00bb{}\u00a0\u00bb][et_pb_image src=\u00a0\u00bbhttps:\/\/taxi-mgdriver49.fr\/wp-content\/uploads\/2025\/05\/VTC-et-Taxi-dAngers-a-Nantes.webp\u00a0\u00bb alt=\u00a0\u00bbVTC et Taxi d&rsquo;Angers \u00e0 Nantes\u00a0\u00bb title_text=\u00a0\u00bbVTC et Taxi d&rsquo;Angers \u00e0 Nantes\u00a0\u00bb force_fullwidth=\u00a0\u00bbon\u00a0\u00bb module_class=\u00a0\u00bbobjectFit\u00a0\u00bb _builder_version=\u00a0\u00bb4.27.4&Prime; _module_preset=\u00a0\u00bbdefault\u00a0\u00bb height=\u00a0\u00bb50rem\u00a0\u00bb height_tablet=\u00a0\u00bb25rem\u00a0\u00bb height_phone=\u00a0\u00bb15rem\u00a0\u00bb height_last_edited=\u00a0\u00bbon|desktop\u00a0\u00bb custom_margin_tablet=\u00a0\u00bb2rem||||false|false\u00a0\u00bb custom_margin_phone=\u00a0\u00bb2rem||||false|false\u00a0\u00bb custom_margin_last_edited=\u00a0\u00bbon|tablet\u00a0\u00bb global_colors_info=\u00a0\u00bb{}\u00a0\u00bb][\/et_pb_image][et_pb_text _builder_version=\u00a0\u00bb4.27.4&Prime; _module_preset=\u00a0\u00bbdcb4aabe-88d2-4f2c-b138-0d794d25cbd1&Prime; background_color=\u00a0\u00bb#FFFFFF\u00a0\u00bb transform_scale_tablet=\u00a0\u00bb\u00a0\u00bb transform_scale_phone=\u00a0\u00bb\u00a0\u00bb transform_scale_last_edited=\u00a0\u00bbon|phone\u00a0\u00bb transform_translate_tablet=\u00a0\u00bb\u00a0\u00bb transform_translate_phone=\u00a0\u00bb\u00a0\u00bb transform_translate_last_edited=\u00a0\u00bbon|phone\u00a0\u00bb transform_rotate=\u00a0\u00bb0deg|0deg|2deg\u00a0\u00bb transform_rotate_tablet=\u00a0\u00bb0deg|0deg|2deg\u00a0\u00bb transform_rotate_phone=\u00a0\u00bb0deg|0deg|0deg\u00a0\u00bb transform_rotate_last_edited=\u00a0\u00bbon|phone\u00a0\u00bb transform_skew_tablet=\u00a0\u00bb\u00a0\u00bb transform_skew_phone=\u00a0\u00bb\u00a0\u00bb transform_skew_last_edited=\u00a0\u00bbon|phone\u00a0\u00bb transform_origin_tablet=\u00a0\u00bb\u00a0\u00bb transform_origin_phone=\u00a0\u00bb\u00a0\u00bb transform_origin_last_edited=\u00a0\u00bbon|phone\u00a0\u00bb transform_styles_last_edited=\u00a0\u00bbon|phone\u00a0\u00bb positioning=\u00a0\u00bbabsolute\u00a0\u00bb position_origin_a=\u00a0\u00bbbottom_right\u00a0\u00bb vertical_offset=\u00a0\u00bb-2vw\u00a0\u00bb horizontal_offset=\u00a0\u00bb-2vw\u00a0\u00bb vertical_offset_tablet=\u00a0\u00bb0vw\u00a0\u00bb vertical_offset_phone=\u00a0\u00bb0vw\u00a0\u00bb vertical_offset_last_edited=\u00a0\u00bbon|tablet\u00a0\u00bb horizontal_offset_tablet=\u00a0\u00bb0vw\u00a0\u00bb horizontal_offset_phone=\u00a0\u00bb0vw\u00a0\u00bb horizontal_offset_last_edited=\u00a0\u00bbon|tablet\u00a0\u00bb position_origin_a_tablet=\u00a0\u00bbbottom_right\u00a0\u00bb position_origin_a_phone=\u00a0\u00bbbottom_right\u00a0\u00bb position_origin_a_last_edited=\u00a0\u00bbon|phone\u00a0\u00bb position_origin_f_tablet=\u00a0\u00bb\u00a0\u00bb position_origin_f_phone=\u00a0\u00bb\u00a0\u00bb position_origin_f_last_edited=\u00a0\u00bbon|phone\u00a0\u00bb position_origin_r_tablet=\u00a0\u00bb\u00a0\u00bb position_origin_r_phone=\u00a0\u00bb\u00a0\u00bb position_origin_r_last_edited=\u00a0\u00bbon|phone\u00a0\u00bb width=\u00a0\u00bb100%\u00a0\u00bb max_width=\u00a0\u00bb400px\u00a0\u00bb custom_padding=\u00a0\u00bb2rem|2rem|1rem|2rem|false|true\u00a0\u00bb transform_styles_tablet=\u00a0\u00bb\u00a0\u00bb transform_styles_phone=\u00a0\u00bb\u00a0\u00bb positioning_tablet=\u00a0\u00bbabsolute\u00a0\u00bb positioning_phone=\u00a0\u00bbnone\u00a0\u00bb positioning_last_edited=\u00a0\u00bbon|phone\u00a0\u00bb box_shadow_style=\u00a0\u00bbpreset1&Prime; global_colors_info=\u00a0\u00bb{}\u00a0\u00bb]<\/p>\n<p><strong>Points of interest :<\/strong><\/p>\n<p><strong><\/strong><\/p>\n<ul>\n<li>\n<p>Nantes Atlantique Airport<\/p>\n<\/li>\n<li>\n<p>Nantes station, a major train hub<\/p>\n<\/li>\n<li>\n<p>La Cit\u00e9 des Congr\u00e8s, for seminars and trade fairs<\/p>\n<\/li>\n<li>\n<p>The \u00cele de Nantes<\/p>\n<\/li>\n<li>\n<p>The Dukes of Brittany Castle and historic town centre<\/p>\n<\/li>\n<li>\n<p>The Machines de l'\u00eele, a must-see attraction<\/p>\n<\/li>\n<\/ul>\n<p>[\/et_pb_text][\/et_pb_column][\/et_pb_row][et_pb_row column_structure=\u00a0\u00bb1_2,1_2&Prime; gutter_width=\u00a0\u00bb3&Prime; make_equal=\u00a0\u00bbon\u00a0\u00bb _builder_version=\u00a0\u00bb4.27.4&Prime; _module_preset=\u00a0\u00bbdefault\u00a0\u00bb custom_margin=\u00a0\u00bb5vw||0px||false|false\u00a0\u00bb custom_margin_tablet=\u00a0\u00bb5vw||0px||false|false\u00a0\u00bb custom_margin_phone=\u00a0\u00bb3rem||0px||false|false\u00a0\u00bb custom_margin_last_edited=\u00a0\u00bbon|phone\u00a0\u00bb global_colors_info=\u00a0\u00bb{}\u00a0\u00bb][et_pb_column type=\u00a0\u00bb1_2&Prime; _builder_version=\u00a0\u00bb4.27.4&Prime; _module_preset=\u00a0\u00bbdefault\u00a0\u00bb custom_css_main_element=\u00a0\u00bbmargin:auto;\u00a0\u00bb pac_dcm_carousel_specific_module_num=\u00a0\u00bb0&Prime; global_colors_info=\u00a0\u00bb{}\u00a0\u00bb][et_pb_image src=\u00a0\u00bbhttps:\/\/taxi-mgdriver49.fr\/wp-content\/uploads\/2025\/05\/Taxi-MG-Driver-Angers-Aeroport-de-Nantes-scaled.webp\u00a0\u00bb alt=\u00a0\u00bbTaxi MG Driver Angers &#8211; A\u00e9roport de Nantes\u00a0\u00bb title_text=\u00a0\u00bbTaxi MG Driver Angers &#8211; A\u00e9roport de Nantes\u00a0\u00bb force_fullwidth=\u00a0\u00bbon\u00a0\u00bb module_class=\u00a0\u00bbobjectFit\u00a0\u00bb _builder_version=\u00a0\u00bb4.27.4&Prime; _module_preset=\u00a0\u00bbdefault\u00a0\u00bb height=\u00a0\u00bb25rem\u00a0\u00bb global_colors_info=\u00a0\u00bb{}\u00a0\u00bb][\/et_pb_image][\/et_pb_column][et_pb_column type=\u00a0\u00bb1_2&Prime; _builder_version=\u00a0\u00bb4.27.4&Prime; _module_preset=\u00a0\u00bbdefault\u00a0\u00bb custom_css_main_element=\u00a0\u00bbmargin:auto;\u00a0\u00bb pac_dcm_carousel_specific_module_num=\u00a0\u00bb0&Prime; global_colors_info=\u00a0\u00bb{}\u00a0\u00bb][et_pb_text _builder_version=\u00a0\u00bb4.27.4&Prime; _module_preset=\u00a0\u00bbdcb4aabe-88d2-4f2c-b138-0d794d25cbd1&Prime; link_text_color=\u00a0\u00bbgcid-57dd62c0-77a4-4dcf-aaf6-6a7e7df512b9&Prime; header_3_font=\u00a0\u00bb|600|||||||\u00a0\u00bb global_colors_info=\u00a0\u00bb{%22gcid-57dd62c0-77a4-4dcf-aaf6-6a7e7df512b9%22:%91%22link_text_color%22%93}\u00a0\u00bb]<\/p>\n<h2>Avoid <span class=\"customColor1\">the constraints<\/span> of a car<\/h2>\n<p>Taking your own car to get to Nantes is often synonymous with traffic jams at the entrance to the city, expensive parking and unnecessary stress.<\/p>\n<p>We offer you a simple alternative: we will drop you off exactly where you need to go, without any detours or parking worries, and pick you up at the agreed time. This is particularly practical if you have an early morning flight or a late return.<\/p>\n<p>[\/et_pb_text][\/et_pb_column][\/et_pb_row][\/et_pb_section][et_pb_section fb_built=\u00a0\u00bb1&Prime; _builder_version=\u00a0\u00bb4.27.4&Prime; _module_preset=\u00a0\u00bbe029770f-643c-4558-8bd6-12a09a237df4&Prime; custom_padding=\u00a0\u00bb100px||100px||true|false\u00a0\u00bb saved_tabs=\u00a0\u00bball\u00a0\u00bb][et_pb_row gutter_width=\u00a0\u00bb2&Prime; _builder_version=\u00a0\u00bb4.27.4&Prime; _module_preset=\u00a0\u00bbdefault\u00a0\u00bb global_colors_info=\u00a0\u00bb{}\u00a0\u00bb][et_pb_column type=\u00a0\u00bb4_4&Prime; _builder_version=\u00a0\u00bb4.24.3&Prime; _module_preset=\u00a0\u00bbdefault\u00a0\u00bb pac_dcm_carousel_specific_module_num=\u00a0\u00bb0&Prime; global_colors_info=\u00a0\u00bb{}\u00a0\u00bb][et_pb_text _builder_version=\u00a0\u00bb4.27.4&Prime; _module_preset=\u00a0\u00bbdcb4aabe-88d2-4f2c-b138-0d794d25cbd1&Prime; header_2_text_align=\u00a0\u00bbcenter\u00a0\u00bb text_orientation=\u00a0\u00bbcenter\u00a0\u00bb global_colors_info=\u00a0\u00bb{}\u00a0\u00bb]<\/p>\n<h2>Do you need a Taxi for Nantes?<\/h2>\n<p>Call us to book your journey from Angers or the surrounding area. Punctual, available and attentive, we offer transport adapted to your schedule, with a clear price and no surprises.<\/p>\n<p>[\/et_pb_text][\/et_pb_column][\/et_pb_row][et_pb_row column_structure=\u00a0\u00bb1_2,1_2&Prime; _builder_version=\u00a0\u00bb4.27.4&Prime; _module_preset=\u00a0\u00bbdefault\u00a0\u00bb custom_margin=\u00a0\u00bb2rem||0px||false|false\u00a0\u00bb global_colors_info=\u00a0\u00bb{}\u00a0\u00bb][et_pb_column type=\u00a0\u00bb1_2&Prime; _builder_version=\u00a0\u00bb4.27.4&Prime; _module_preset=\u00a0\u00bbdefault\u00a0\u00bb pac_dcm_carousel_specific_module_num=\u00a0\u00bb0&Prime; global_colors_info=\u00a0\u00bb{}\u00a0\u00bb][et_pb_text _builder_version=\u00a0\u00bb4.27.4&Prime; _module_preset=\u00a0\u00bbdcb4aabe-88d2-4f2c-b138-0d794d25cbd1&Prime; text_orientation=\u00a0\u00bbcenter\u00a0\u00bb custom_margin=\u00a0\u00bb||1rem||false|false\u00a0\u00bb hover_enabled=\u00a0\u00bb0&Prime; global_colors_info=\u00a0\u00bb{}\u00a0\u00bb sticky_enabled=\u00a0\u00bb0&Prime;]<\/p>\n<p>Call on 06 82 26 96 07<\/p>\n<p>[\/et_pb_text][et_pb_button button_url=\u00a0\u00bbtel:0682269607&Prime; button_text=\u00a0\u00bbAppeler\u00a0\u00bb button_alignment=\u00a0\u00bbcenter\u00a0\u00bb _builder_version=\u00a0\u00bb4.27.4&Prime; _module_preset=\u00a0\u00bb9d272e26-43e2-413d-88e1-f8da469a4fb8&Prime; global_colors_info=\u00a0\u00bb{}\u00a0\u00bb][\/et_pb_button][\/et_pb_column][et_pb_column type=\u00a0\u00bb1_2&Prime; _builder_version=\u00a0\u00bb4.27.4&Prime; _module_preset=\u00a0\u00bbdefault\u00a0\u00bb pac_dcm_carousel_specific_module_num=\u00a0\u00bb0&Prime; global_colors_info=\u00a0\u00bb{}\u00a0\u00bb][et_pb_text _builder_version=\u00a0\u00bb4.27.4&Prime; _module_preset=\u00a0\u00bbdcb4aabe-88d2-4f2c-b138-0d794d25cbd1&Prime; text_orientation=\u00a0\u00bbcenter\u00a0\u00bb custom_margin=\u00a0\u00bb||1rem||false|false\u00a0\u00bb custom_margin_tablet=\u00a0\u00bb2rem||1rem||false|false\u00a0\u00bb custom_margin_phone=\u00a0\u00bb2rem||1rem||false|false\u00a0\u00bb custom_margin_last_edited=\u00a0\u00bbon|tablet\u00a0\u00bb global_colors_info=\u00a0\u00bb{}\u00a0\u00bb]<\/p>\n<p>Book your ride online<\/p>\n<p>[\/et_pb_text][et_pb_button button_url=\u00a0\u00bb@ET-DC@eyJkeW5hbWljIjp0cnVlLCJjb250ZW50IjoicG9zdF9saW5rX3VybF9wYWdlIiwic2V0dGluZ3MiOnsicG9zdF9pZCI6IjIwMSJ9fQ==@\u00a0\u00bb button_text=\u00a0\u00bbR\u00e9server\u00a0\u00bb button_alignment=\u00a0\u00bbcenter\u00a0\u00bb _builder_version=\u00a0\u00bb4.27.4&Prime; _dynamic_attributes=\u00a0\u00bbbutton_url\u00a0\u00bb _module_preset=\u00a0\u00bb9d272e26-43e2-413d-88e1-f8da469a4fb8&Prime; global_colors_info=\u00a0\u00bb{}\u00a0\u00bb][\/et_pb_button][\/et_pb_column][\/et_pb_row][\/et_pb_section]<\/p>","protected":false},"excerpt":{"rendered":"<p>Besoin d\u2019un trajet rapide et confortable entre Angers et Nantes ? Que ce soit pour un rendez-vous professionnel, un vol \u00e0 prendre \u00e0 l\u2019a\u00e9roport ou une visite culturelle, nous proposons un service de taxi sur mesure, disponible sur r\u00e9servation.Angers \u2013 Nantes, une liaison simple gr\u00e2ce \u00e0 un chauffeur priv\u00e9 Entre Angers et Nantes, comptez environ [&hellip;]<\/p>","protected":false},"author":1,"featured_media":0,"parent":203,"menu_order":0,"comment_status":"closed","ping_status":"closed","template":"","meta":{"_et_pb_use_builder":"on","_et_pb_old_content":"","_et_gb_content_width":"","footnotes":""},"class_list":["post-537","page","type-page","status-publish","hentry"],"yoast_head":"<!-- This site is optimized with the Yoast SEO plugin v27.3 - https:\/\/yoast.com\/product\/yoast-seo-wordpress\/ -->\n<title>Taxi Angers - Nantes<\/title>\n<meta name=\"description\" content=\"Vous cherchez un taxi pour un trajet Angers - Nantes r\u00e9gulier ou ponctuel ? Taxi MGDRIVER est \u00e0 votre disposition.\" \/>\n<meta name=\"robots\" content=\"index, follow, max-snippet:-1, max-image-preview:large, max-video-preview:-1\" \/>\n<link rel=\"canonical\" href=\"https:\/\/taxi-mgdriver49.fr\/en\/trajets-frequents-taxi-angers\/taxi-angers-nantes\/\" \/>\n<meta property=\"og:locale\" content=\"en_GB\" \/>\n<meta property=\"og:type\" content=\"article\" \/>\n<meta property=\"og:title\" content=\"Taxi Angers - Nantes\" \/>\n<meta property=\"og:description\" content=\"Vous cherchez un taxi pour un trajet Angers - Nantes r\u00e9gulier ou ponctuel ? Taxi MGDRIVER est \u00e0 votre disposition.\" \/>\n<meta property=\"og:url\" content=\"https:\/\/taxi-mgdriver49.fr\/en\/trajets-frequents-taxi-angers\/taxi-angers-nantes\/\" \/>\n<meta property=\"og:site_name\" content=\"Taxi MG Driver 49\" \/>\n<meta property=\"article:modified_time\" content=\"2025-07-29T12:51:02+00:00\" \/>\n<meta name=\"twitter:card\" content=\"summary_large_image\" \/>\n<meta name=\"twitter:label1\" content=\"Estimated reading time\" \/>\n\t<meta name=\"twitter:data1\" content=\"3 minutes\" \/>\n<script type=\"application\/ld+json\" class=\"yoast-schema-graph\">{\"@context\":\"https:\\\/\\\/schema.org\",\"@graph\":[{\"@type\":\"WebPage\",\"@id\":\"https:\\\/\\\/taxi-mgdriver49.fr\\\/trajets-frequents-taxi-angers\\\/taxi-angers-nantes\\\/\",\"url\":\"https:\\\/\\\/taxi-mgdriver49.fr\\\/trajets-frequents-taxi-angers\\\/taxi-angers-nantes\\\/\",\"name\":\"Taxi Angers - Nantes\",\"isPartOf\":{\"@id\":\"https:\\\/\\\/taxi-mgdriver49.fr\\\/#website\"},\"datePublished\":\"2025-05-05T14:31:45+00:00\",\"dateModified\":\"2025-07-29T12:51:02+00:00\",\"description\":\"Vous cherchez un taxi pour un trajet Angers - Nantes r\u00e9gulier ou ponctuel ? Taxi MGDRIVER est \u00e0 votre disposition.\",\"breadcrumb\":{\"@id\":\"https:\\\/\\\/taxi-mgdriver49.fr\\\/trajets-frequents-taxi-angers\\\/taxi-angers-nantes\\\/#breadcrumb\"},\"inLanguage\":\"en-GB\",\"potentialAction\":[{\"@type\":\"ReadAction\",\"target\":[\"https:\\\/\\\/taxi-mgdriver49.fr\\\/trajets-frequents-taxi-angers\\\/taxi-angers-nantes\\\/\"]}]},{\"@type\":\"BreadcrumbList\",\"@id\":\"https:\\\/\\\/taxi-mgdriver49.fr\\\/trajets-frequents-taxi-angers\\\/taxi-angers-nantes\\\/#breadcrumb\",\"itemListElement\":[{\"@type\":\"ListItem\",\"position\":1,\"name\":\"Accueil\",\"item\":\"https:\\\/\\\/taxi-mgdriver49.fr\\\/\"},{\"@type\":\"ListItem\",\"position\":2,\"name\":\"Toutes destinations depuis Angers\",\"item\":\"https:\\\/\\\/taxi-mgdriver49.fr\\\/trajets-frequents-taxi-angers\\\/\"},{\"@type\":\"ListItem\",\"position\":3,\"name\":\"Trajets Angers \u00e0 Nantes\"}]},{\"@type\":\"WebSite\",\"@id\":\"https:\\\/\\\/taxi-mgdriver49.fr\\\/#website\",\"url\":\"https:\\\/\\\/taxi-mgdriver49.fr\\\/\",\"name\":\"Taxi MG Driver 49\",\"description\":\"Taxi et VTC \u00e0 Angers et dans l&#039;agglom\u00e9ration angevine\",\"publisher\":{\"@id\":\"https:\\\/\\\/taxi-mgdriver49.fr\\\/#organization\"},\"potentialAction\":[{\"@type\":\"SearchAction\",\"target\":{\"@type\":\"EntryPoint\",\"urlTemplate\":\"https:\\\/\\\/taxi-mgdriver49.fr\\\/?s={search_term_string}\"},\"query-input\":{\"@type\":\"PropertyValueSpecification\",\"valueRequired\":true,\"valueName\":\"search_term_string\"}}],\"inLanguage\":\"en-GB\"},{\"@type\":\"Organization\",\"@id\":\"https:\\\/\\\/taxi-mgdriver49.fr\\\/#organization\",\"name\":\"Taxi MG Driver 49\",\"url\":\"https:\\\/\\\/taxi-mgdriver49.fr\\\/\",\"logo\":{\"@type\":\"ImageObject\",\"inLanguage\":\"en-GB\",\"@id\":\"https:\\\/\\\/taxi-mgdriver49.fr\\\/#\\\/schema\\\/logo\\\/image\\\/\",\"url\":\"https:\\\/\\\/taxi-mgdriver49.fr\\\/wp-content\\\/uploads\\\/2025\\\/04\\\/MG-DRIVER-49.webp\",\"contentUrl\":\"https:\\\/\\\/taxi-mgdriver49.fr\\\/wp-content\\\/uploads\\\/2025\\\/04\\\/MG-DRIVER-49.webp\",\"width\":2268,\"height\":2268,\"caption\":\"Taxi MG Driver 49\"},\"image\":{\"@id\":\"https:\\\/\\\/taxi-mgdriver49.fr\\\/#\\\/schema\\\/logo\\\/image\\\/\"}}]}<\/script>\n<!-- \/ Yoast SEO plugin. -->","yoast_head_json":{"title":"Taxi Angers - Nantes","description":"Vous cherchez un taxi pour un trajet Angers - Nantes r\u00e9gulier ou ponctuel ? Taxi MGDRIVER est \u00e0 votre disposition.","robots":{"index":"index","follow":"follow","max-snippet":"max-snippet:-1","max-image-preview":"max-image-preview:large","max-video-preview":"max-video-preview:-1"},"canonical":"https:\/\/taxi-mgdriver49.fr\/en\/trajets-frequents-taxi-angers\/taxi-angers-nantes\/","og_locale":"en_GB","og_type":"article","og_title":"Taxi Angers - Nantes","og_description":"Vous cherchez un taxi pour un trajet Angers - Nantes r\u00e9gulier ou ponctuel ? Taxi MGDRIVER est \u00e0 votre disposition.","og_url":"https:\/\/taxi-mgdriver49.fr\/en\/trajets-frequents-taxi-angers\/taxi-angers-nantes\/","og_site_name":"Taxi MG Driver 49","article_modified_time":"2025-07-29T12:51:02+00:00","twitter_card":"summary_large_image","twitter_misc":{"Estimated reading time":"3 minutes"},"schema":{"@context":"https:\/\/schema.org","@graph":[{"@type":"WebPage","@id":"https:\/\/taxi-mgdriver49.fr\/trajets-frequents-taxi-angers\/taxi-angers-nantes\/","url":"https:\/\/taxi-mgdriver49.fr\/trajets-frequents-taxi-angers\/taxi-angers-nantes\/","name":"Taxi Angers - Nantes","isPartOf":{"@id":"https:\/\/taxi-mgdriver49.fr\/#website"},"datePublished":"2025-05-05T14:31:45+00:00","dateModified":"2025-07-29T12:51:02+00:00","description":"Vous cherchez un taxi pour un trajet Angers - Nantes r\u00e9gulier ou ponctuel ? Taxi MGDRIVER est \u00e0 votre disposition.","breadcrumb":{"@id":"https:\/\/taxi-mgdriver49.fr\/trajets-frequents-taxi-angers\/taxi-angers-nantes\/#breadcrumb"},"inLanguage":"en-GB","potentialAction":[{"@type":"ReadAction","target":["https:\/\/taxi-mgdriver49.fr\/trajets-frequents-taxi-angers\/taxi-angers-nantes\/"]}]},{"@type":"BreadcrumbList","@id":"https:\/\/taxi-mgdriver49.fr\/trajets-frequents-taxi-angers\/taxi-angers-nantes\/#breadcrumb","itemListElement":[{"@type":"ListItem","position":1,"name":"Accueil","item":"https:\/\/taxi-mgdriver49.fr\/"},{"@type":"ListItem","position":2,"name":"Toutes destinations depuis Angers","item":"https:\/\/taxi-mgdriver49.fr\/trajets-frequents-taxi-angers\/"},{"@type":"ListItem","position":3,"name":"Trajets Angers \u00e0 Nantes"}]},{"@type":"WebSite","@id":"https:\/\/taxi-mgdriver49.fr\/#website","url":"https:\/\/taxi-mgdriver49.fr\/","name":"Taxi MG Driver 49","description":"Taxi et VTC \u00e0 Angers et dans l&#039;agglom\u00e9ration angevine","publisher":{"@id":"https:\/\/taxi-mgdriver49.fr\/#organization"},"potentialAction":[{"@type":"SearchAction","target":{"@type":"EntryPoint","urlTemplate":"https:\/\/taxi-mgdriver49.fr\/?s={search_term_string}"},"query-input":{"@type":"PropertyValueSpecification","valueRequired":true,"valueName":"search_term_string"}}],"inLanguage":"en-GB"},{"@type":"Organization","@id":"https:\/\/taxi-mgdriver49.fr\/#organization","name":"Taxi MG Driver 49","url":"https:\/\/taxi-mgdriver49.fr\/","logo":{"@type":"ImageObject","inLanguage":"en-GB","@id":"https:\/\/taxi-mgdriver49.fr\/#\/schema\/logo\/image\/","url":"https:\/\/taxi-mgdriver49.fr\/wp-content\/uploads\/2025\/04\/MG-DRIVER-49.webp","contentUrl":"https:\/\/taxi-mgdriver49.fr\/wp-content\/uploads\/2025\/04\/MG-DRIVER-49.webp","width":2268,"height":2268,"caption":"Taxi MG Driver 49"},"image":{"@id":"https:\/\/taxi-mgdriver49.fr\/#\/schema\/logo\/image\/"}}]}},"_links":{"self":[{"href":"https:\/\/taxi-mgdriver49.fr\/en\/wp-json\/wp\/v2\/pages\/537","targetHints":{"allow":["GET"]}}],"collection":[{"href":"https:\/\/taxi-mgdriver49.fr\/en\/wp-json\/wp\/v2\/pages"}],"about":[{"href":"https:\/\/taxi-mgdriver49.fr\/en\/wp-json\/wp\/v2\/types\/page"}],"author":[{"embeddable":true,"href":"https:\/\/taxi-mgdriver49.fr\/en\/wp-json\/wp\/v2\/users\/1"}],"replies":[{"embeddable":true,"href":"https:\/\/taxi-mgdriver49.fr\/en\/wp-json\/wp\/v2\/comments?post=537"}],"version-history":[{"count":5,"href":"https:\/\/taxi-mgdriver49.fr\/en\/wp-json\/wp\/v2\/pages\/537\/revisions"}],"predecessor-version":[{"id":689,"href":"https:\/\/taxi-mgdriver49.fr\/en\/wp-json\/wp\/v2\/pages\/537\/revisions\/689"}],"up":[{"embeddable":true,"href":"https:\/\/taxi-mgdriver49.fr\/en\/wp-json\/wp\/v2\/pages\/203"}],"wp:attachment":[{"href":"https:\/\/taxi-mgdriver49.fr\/en\/wp-json\/wp\/v2\/media?parent=537"}],"curies":[{"name":"wp","href":"https:\/\/api.w.org\/{rel}","templated":true}]}}