{"id":512,"date":"2025-04-15T14:07:00","date_gmt":"2025-04-15T14:07:00","guid":{"rendered":"https:\/\/taxi-mgdriver49.fr\/?page_id=512"},"modified":"2025-07-29T12:48:25","modified_gmt":"2025-07-29T12:48:25","slug":"taxi-dans-le-maine-et-loire","status":"publish","type":"page","link":"https:\/\/taxi-mgdriver49.fr\/en\/trajets-frequents-taxi-angers\/taxi-dans-le-maine-et-loire\/","title":{"rendered":"Taxi in Maine et Loire"},"content":{"rendered":"<p>[et_pb_section fb_built=\u00a0\u00bb1&Prime; _builder_version=\u00a0\u00bb4.27.4&Prime; _module_preset=\u00a0\u00bb1d95740f-d051-46f4-852a-d9898ab6ceea\u00a0\u00bb global_colors_info=\u00a0\u00bb{}\u00a0\u00bb][et_pb_row column_structure=\u00a0\u00bb1_2,1_2&Prime; _builder_version=\u00a0\u00bb4.27.4&Prime; _module_preset=\u00a0\u00bb59bdb108-e640-4b7f-a356-5ebe23de498a\u00a0\u00bb global_colors_info=\u00a0\u00bb{}\u00a0\u00bb custom_css_main_element_last_edited=\u00a0\u00bbon|tablet\u00a0\u00bb custom_css_main_element_tablet=\u00a0\u00bbdisplay:flex;||flex-wrap:wrap;\u00a0\u00bb custom_css_main_element_phone=\u00a0\u00bbdisplay:flex;||flex-wrap:wrap;\u00a0\u00bb][et_pb_column type=\u00a0\u00bb1_2&Prime; _builder_version=\u00a0\u00bb4.27.4&Prime; _module_preset=\u00a0\u00bbdefault\u00a0\u00bb custom_css_main_element=\u00a0\u00bbmargin:auto;\u00a0\u00bb pac_dcm_carousel_specific_module_num=\u00a0\u00bb0&Prime; global_colors_info=\u00a0\u00bb{}\u00a0\u00bb custom_css_main_element_last_edited=\u00a0\u00bbon|tablet\u00a0\u00bb custom_css_main_element_tablet=\u00a0\u00bborder:1;\u00a0\u00bb custom_css_main_element_phone=\u00a0\u00bborder:1;\u00a0\u00bb][et_pb_image src=\u00a0\u00bbhttps:\/\/taxi-mgdriver49.fr\/wp-content\/uploads\/2025\/04\/Taxi-et-VTC-a-Angers-et-dans-le-Maine-et-Loire-avec-MGDRIVER49.webp\u00a0\u00bb alt=\u00a0\u00bbTaxi et VTC \u00e0 Angers et dans le Maine et Loire avec MGDRIVER49&Prime; title_text=\u00a0\u00bbTaxi et VTC \u00e0 Angers et dans le Maine et Loire avec MGDRIVER49&Prime; force_fullwidth=\u00a0\u00bbon\u00a0\u00bb module_class=\u00a0\u00bbobjectFit\u00a0\u00bb _builder_version=\u00a0\u00bb4.27.4&Prime; _module_preset=\u00a0\u00bbdefault\u00a0\u00bb height=\u00a0\u00bb35rem\u00a0\u00bb height_tablet=\u00a0\u00bb25rem\u00a0\u00bb height_phone=\u00a0\u00bb25rem\u00a0\u00bb height_last_edited=\u00a0\u00bbon|tablet\u00a0\u00bb custom_margin=\u00a0\u00bb||||false|false\u00a0\u00bb custom_margin_tablet=\u00a0\u00bb2rem||||false|false\u00a0\u00bb custom_margin_phone=\u00a0\u00bb2rem||||false|false\u00a0\u00bb custom_margin_last_edited=\u00a0\u00bbon|tablet\u00a0\u00bb global_colors_info=\u00a0\u00bb{}\u00a0\u00bb][\/et_pb_image][\/et_pb_column][et_pb_column type=\u00a0\u00bb1_2&Prime; _builder_version=\u00a0\u00bb4.27.4&Prime; _module_preset=\u00a0\u00bbdefault\u00a0\u00bb custom_css_main_element=\u00a0\u00bbmargin:auto;\u00a0\u00bb pac_dcm_carousel_specific_module_num=\u00a0\u00bb0&Prime; global_colors_info=\u00a0\u00bb{}\u00a0\u00bb][et_pb_text _builder_version=\u00a0\u00bb4.27.4&Prime; _dynamic_attributes=\u00a0\u00bbcontent\u00a0\u00bb _module_preset=\u00a0\u00bbf1d5881f-56f0-4214-87f2-72a246fc913a\u00a0\u00bb global_colors_info=\u00a0\u00bb{}\u00a0\u00bb]@ET-DC@eyJkeW5hbWljIjp0cnVlLCJjb250ZW50IjoicG9zdF90aXRsZSIsInNldHRpbmdzIjp7ImJlZm9yZSI6IjxoMT4iLCJhZnRlciI6IjwvaDE+In19@[\/et_pb_text][et_pb_text _builder_version=\u00a0\u00bb4.27.4&Prime; _module_preset=\u00a0\u00bb4834f2dc-42ee-4988-af0b-516c8cdb56f6&Prime; global_colors_info=\u00a0\u00bb{}\u00a0\u00bb]<\/p>\n<p>Do you need a Taxi driver in Maine-et-Loire? Whether it's for a business trip, a medical appointment or a sightseeing trip, we can accompany you wherever you need to go, simply by making a reservation.<\/p>\n<p>Enjoy a journey that combines comfort and efficiency, anywhere in the d\u00e9partement (49), to or from Angers, Saumur, Cholet and the rest of France.<\/p>\n<p>[\/et_pb_text][\/et_pb_column][\/et_pb_row][\/et_pb_section][et_pb_section fb_built=\u00a0\u00bb1&Prime; _builder_version=\u00a0\u00bb4.27.4&Prime; _module_preset=\u00a0\u00bbcac5ad3d-b826-44db-b5c7-d307440b3219&Prime; locked=\u00a0\u00bboff\u00a0\u00bb][et_pb_row column_structure=\u00a0\u00bb1_2,1_2&Prime; gutter_width=\u00a0\u00bb3&Prime; make_equal=\u00a0\u00bbon\u00a0\u00bb _builder_version=\u00a0\u00bb4.27.4&Prime; _module_preset=\u00a0\u00bbdefault\u00a0\u00bb global_colors_info=\u00a0\u00bb{}\u00a0\u00bb][et_pb_column type=\u00a0\u00bb1_2&Prime; _builder_version=\u00a0\u00bb4.27.4&Prime; _module_preset=\u00a0\u00bbdefault\u00a0\u00bb custom_css_main_element=\u00a0\u00bbmargin:auto;\u00a0\u00bb pac_dcm_carousel_specific_module_num=\u00a0\u00bb0&Prime; global_colors_info=\u00a0\u00bb{}\u00a0\u00bb][et_pb_blurb title=\u00a0\u00bbBeaucoup de choses \u00e0 voir\u00a0\u00bb use_icon=\u00a0\u00bbon\u00a0\u00bb font_icon=\u00a0\u00bb&#xf111;||fa||900&Prime; _builder_version=\u00a0\u00bb4.27.4&Prime; _module_preset=\u00a0\u00bb66ab2c1d-2109-496d-ba42-f3517e6a498b\u00a0\u00bb background_color=\u00a0\u00bbRGBA(255,255,255,0)\u00a0\u00bb global_colors_info=\u00a0\u00bb{}\u00a0\u00bb][\/et_pb_blurb][et_pb_text _builder_version=\u00a0\u00bb4.27.4&Prime; _module_preset=\u00a0\u00bbdcb4aabe-88d2-4f2c-b138-0d794d25cbd1&Prime; link_text_color=\u00a0\u00bbgcid-57dd62c0-77a4-4dcf-aaf6-6a7e7df512b9&Prime; header_3_font=\u00a0\u00bb|600|||||||\u00a0\u00bb global_colors_info=\u00a0\u00bb{%22gcid-57dd62c0-77a4-4dcf-aaf6-6a7e7df512b9%22:%91%22link_text_color%22%93}\u00a0\u00bb]<\/p>\n<h2>One of France's <span class=\"customColor1\">most beautiful <\/span>departments<span class=\"customColor1\"><\/span><\/h2>\n<p>Every year, the Maine-et-Loire attracts many visitors who come to discover its natural and heritage treasures. My taxi and VTC service lets you explore the department in complete freedom, with no transport or parking constraints.<\/p>\n<h3>Tourists and visitors<\/h3>\n<p>Whether you're already here or just arriving, I'll transport you to your place of residence or the region's major tourist sites. From the main stations such as Angers Saint-Laud, Saumur, Cholet or Nantes airport, I'll pick you up so you can set off to discover Anjou without wasting any time: there's so much to see.<\/p>\n<p>I transport up to <strong>4 people and their luggage, 7 days a week, 24 hours a day<\/strong>. For more practical information about the vehicle or myself, click on the button below.<\/p>\n<p>[\/et_pb_text][et_pb_button button_url=\u00a0\u00bb@ET-DC@eyJkeW5hbWljIjp0cnVlLCJjb250ZW50IjoicG9zdF9saW5rX3VybF9wYWdlIiwic2V0dGluZ3MiOnsicG9zdF9pZCI6IjIwNyJ9fQ==@\u00a0\u00bb button_text=\u00a0\u00bbLes infos pratiques\u00a0\u00bb _builder_version=\u00a0\u00bb4.27.4&Prime; _dynamic_attributes=\u00a0\u00bbbutton_url\u00a0\u00bb _module_preset=\u00a0\u00bb9d272e26-43e2-413d-88e1-f8da469a4fb8&Prime; global_colors_info=\u00a0\u00bb{}\u00a0\u00bb][\/et_pb_button][\/et_pb_column][et_pb_column type=\u00a0\u00bb1_2&Prime; _builder_version=\u00a0\u00bb4.27.4&Prime; _module_preset=\u00a0\u00bbdefault\u00a0\u00bb pac_dcm_carousel_specific_module_num=\u00a0\u00bb0&Prime; global_colors_info=\u00a0\u00bb{}\u00a0\u00bb][et_pb_image src=\u00a0\u00bbhttps:\/\/taxi-mgdriver49.fr\/wp-content\/uploads\/2025\/04\/Le-Chateau-de-Saumur-par-Lea-Deleligne.webp\u00a0\u00bb alt=\u00a0\u00bbLe Ch\u00e2teau de Saumur par L\u00e9a Deleligne\u00a0\u00bb title_text=\u00a0\u00bbLe Ch\u00e2teau de Saumur par L\u00e9a Deleligne\u00a0\u00bb force_fullwidth=\u00a0\u00bbon\u00a0\u00bb module_class=\u00a0\u00bbobjectFit\u00a0\u00bb _builder_version=\u00a0\u00bb4.27.4&Prime; _module_preset=\u00a0\u00bbdefault\u00a0\u00bb height=\u00a0\u00bb50rem\u00a0\u00bb height_tablet=\u00a0\u00bb25rem\u00a0\u00bb height_phone=\u00a0\u00bb15rem\u00a0\u00bb height_last_edited=\u00a0\u00bbon|desktop\u00a0\u00bb custom_margin_tablet=\u00a0\u00bb2rem||||false|false\u00a0\u00bb custom_margin_phone=\u00a0\u00bb2rem||||false|false\u00a0\u00bb custom_margin_last_edited=\u00a0\u00bbon|tablet\u00a0\u00bb global_colors_info=\u00a0\u00bb{}\u00a0\u00bb][\/et_pb_image][et_pb_text _builder_version=\u00a0\u00bb4.27.4&Prime; _module_preset=\u00a0\u00bbdcb4aabe-88d2-4f2c-b138-0d794d25cbd1&Prime; background_color=\u00a0\u00bb#FFFFFF\u00a0\u00bb transform_scale_tablet=\u00a0\u00bb\u00a0\u00bb transform_scale_phone=\u00a0\u00bb\u00a0\u00bb transform_scale_last_edited=\u00a0\u00bbon|phone\u00a0\u00bb transform_translate_tablet=\u00a0\u00bb\u00a0\u00bb transform_translate_phone=\u00a0\u00bb\u00a0\u00bb transform_translate_last_edited=\u00a0\u00bbon|phone\u00a0\u00bb transform_rotate=\u00a0\u00bb0deg|0deg|2deg\u00a0\u00bb transform_rotate_tablet=\u00a0\u00bb0deg|0deg|2deg\u00a0\u00bb transform_rotate_phone=\u00a0\u00bb0deg|0deg|0deg\u00a0\u00bb transform_rotate_last_edited=\u00a0\u00bbon|phone\u00a0\u00bb transform_skew_tablet=\u00a0\u00bb\u00a0\u00bb transform_skew_phone=\u00a0\u00bb\u00a0\u00bb transform_skew_last_edited=\u00a0\u00bbon|phone\u00a0\u00bb transform_origin_tablet=\u00a0\u00bb\u00a0\u00bb transform_origin_phone=\u00a0\u00bb\u00a0\u00bb transform_origin_last_edited=\u00a0\u00bbon|phone\u00a0\u00bb transform_styles_last_edited=\u00a0\u00bbon|phone\u00a0\u00bb positioning=\u00a0\u00bbabsolute\u00a0\u00bb position_origin_a=\u00a0\u00bbbottom_right\u00a0\u00bb vertical_offset=\u00a0\u00bb-2vw\u00a0\u00bb horizontal_offset=\u00a0\u00bb-2vw\u00a0\u00bb vertical_offset_tablet=\u00a0\u00bb0vw\u00a0\u00bb vertical_offset_phone=\u00a0\u00bb0vw\u00a0\u00bb vertical_offset_last_edited=\u00a0\u00bbon|tablet\u00a0\u00bb horizontal_offset_tablet=\u00a0\u00bb0vw\u00a0\u00bb horizontal_offset_phone=\u00a0\u00bb0vw\u00a0\u00bb horizontal_offset_last_edited=\u00a0\u00bbon|tablet\u00a0\u00bb position_origin_a_tablet=\u00a0\u00bbbottom_right\u00a0\u00bb position_origin_a_phone=\u00a0\u00bbbottom_right\u00a0\u00bb position_origin_a_last_edited=\u00a0\u00bbon|phone\u00a0\u00bb position_origin_f_tablet=\u00a0\u00bb\u00a0\u00bb position_origin_f_phone=\u00a0\u00bb\u00a0\u00bb position_origin_f_last_edited=\u00a0\u00bbon|phone\u00a0\u00bb position_origin_r_tablet=\u00a0\u00bb\u00a0\u00bb position_origin_r_phone=\u00a0\u00bb\u00a0\u00bb position_origin_r_last_edited=\u00a0\u00bbon|phone\u00a0\u00bb width=\u00a0\u00bb100%\u00a0\u00bb max_width=\u00a0\u00bb400px\u00a0\u00bb custom_padding=\u00a0\u00bb2rem|2rem|1rem|2rem|false|true\u00a0\u00bb transform_styles_tablet=\u00a0\u00bb\u00a0\u00bb transform_styles_phone=\u00a0\u00bb\u00a0\u00bb positioning_tablet=\u00a0\u00bbabsolute\u00a0\u00bb positioning_phone=\u00a0\u00bbnone\u00a0\u00bb positioning_last_edited=\u00a0\u00bbon|phone\u00a0\u00bb box_shadow_style=\u00a0\u00bbpreset1&Prime; global_colors_info=\u00a0\u00bb{}\u00a0\u00bb]<\/p>\n<p><strong>A few must-sees:<\/strong><\/p>\n<p><strong><\/strong><\/p>\n<ul>\n<li>The highest ch\u00e2teau in France (in Brissac, 15 minutes south of Angers)<\/li>\n<li>The Royal Abbey of Fontevraud, one of the largest monastic complexes in Europe<\/li>\n<li>The Dou\u00e9-la-Fontaine Biopark<\/li>\n<li>The vineyards of Anjou and Saumur, with tours and tastings<\/li>\n<li>The Cadre Noir de Saumur and the region's equestrian history<\/li>\n<li>A simple boat trip on the Loire<\/li>\n<\/ul>\n<p>[\/et_pb_text][\/et_pb_column][\/et_pb_row][et_pb_row column_structure=\u00a0\u00bb1_2,1_2&Prime; gutter_width=\u00a0\u00bb3&Prime; make_equal=\u00a0\u00bbon\u00a0\u00bb _builder_version=\u00a0\u00bb4.27.4&Prime; _module_preset=\u00a0\u00bbdefault\u00a0\u00bb custom_margin=\u00a0\u00bb5vw||0px||false|false\u00a0\u00bb custom_margin_tablet=\u00a0\u00bb5vw||0px||false|false\u00a0\u00bb custom_margin_phone=\u00a0\u00bb3rem||0px||false|false\u00a0\u00bb custom_margin_last_edited=\u00a0\u00bbon|phone\u00a0\u00bb global_colors_info=\u00a0\u00bb{}\u00a0\u00bb][et_pb_column type=\u00a0\u00bb1_2&Prime; _builder_version=\u00a0\u00bb4.27.4&Prime; _module_preset=\u00a0\u00bbdefault\u00a0\u00bb custom_css_main_element=\u00a0\u00bbmargin:auto;\u00a0\u00bb pac_dcm_carousel_specific_module_num=\u00a0\u00bb0&Prime; global_colors_info=\u00a0\u00bb{}\u00a0\u00bb][et_pb_text _builder_version=\u00a0\u00bb4.27.4&Prime; _module_preset=\u00a0\u00bbdcb4aabe-88d2-4f2c-b138-0d794d25cbd1&Prime; link_text_color=\u00a0\u00bbgcid-57dd62c0-77a4-4dcf-aaf6-6a7e7df512b9&Prime; header_3_font=\u00a0\u00bb|600|||||||\u00a0\u00bb global_colors_info=\u00a0\u00bb{%22gcid-57dd62c0-77a4-4dcf-aaf6-6a7e7df512b9%22:%91%22link_text_color%22%93}\u00a0\u00bb]<\/p>\n<h2>Angers, <span class=\"customColor1\">student city <\/span><\/h2>\n<p>The University of Angers, engineering schools and specialist establishments attract thousands of students to Maine-et-Loire every year.<\/p>\n<p>Are you coming to visit our homes or schools, accompanied or unaccompanied? Our routes are available on reservation, even early in the morning or in the evening.<\/p>\n<p>[\/et_pb_text][\/et_pb_column][et_pb_column type=\u00a0\u00bb1_2&Prime; _builder_version=\u00a0\u00bb4.27.4&Prime; _module_preset=\u00a0\u00bbdefault\u00a0\u00bb custom_css_main_element=\u00a0\u00bbmargin:auto;\u00a0\u00bb pac_dcm_carousel_specific_module_num=\u00a0\u00bb0&Prime; global_colors_info=\u00a0\u00bb{}\u00a0\u00bb][et_pb_text _builder_version=\u00a0\u00bb4.27.4&Prime; _module_preset=\u00a0\u00bbdcb4aabe-88d2-4f2c-b138-0d794d25cbd1&Prime; link_text_color=\u00a0\u00bbgcid-57dd62c0-77a4-4dcf-aaf6-6a7e7df512b9&Prime; header_3_font=\u00a0\u00bb|600|||||||\u00a0\u00bb custom_margin_tablet=\u00a0\u00bb2rem||||false|false\u00a0\u00bb custom_margin_phone=\u00a0\u00bb2rem||||false|false\u00a0\u00bb custom_margin_last_edited=\u00a0\u00bbon|tablet\u00a0\u00bb global_colors_info=\u00a0\u00bb{%22gcid-57dd62c0-77a4-4dcf-aaf6-6a7e7df512b9%22:%91%22link_text_color%22%93}\u00a0\u00bb]<\/p>\n<h2>176 <span class=\"customColor1\">municipalities <\/span><\/h2>\n<p>And each of them has its advantages. Whether you want to taste the local wine directly in the vineyard, discover the <a href=\"https:\/\/fr.wikipedia.org\/wiki\/Liste_des_monuments_historiques_de_Maine-et-Loire\" target=\"_blank\" rel=\"noopener\">many historic monuments<\/a> (more than 4 per commune, I calculated), or simply return from a pleasant summer evening with friends from a place where the bus no longer passes after 8pm, I'm at your disposal!<\/p>\n<p>[\/et_pb_text][\/et_pb_column][\/et_pb_row][\/et_pb_section][et_pb_section fb_built=\u00a0\u00bb1&Prime; _builder_version=\u00a0\u00bb4.27.4&Prime; _module_preset=\u00a0\u00bbe029770f-643c-4558-8bd6-12a09a237df4&Prime; custom_padding=\u00a0\u00bb100px||100px||true|false\u00a0\u00bb saved_tabs=\u00a0\u00bball\u00a0\u00bb global_colors_info=\u00a0\u00bb{}\u00a0\u00bb][et_pb_row gutter_width=\u00a0\u00bb2&Prime; _builder_version=\u00a0\u00bb4.27.4&Prime; _module_preset=\u00a0\u00bbdefault\u00a0\u00bb global_colors_info=\u00a0\u00bb{}\u00a0\u00bb][et_pb_column type=\u00a0\u00bb4_4&Prime; _builder_version=\u00a0\u00bb4.24.3&Prime; _module_preset=\u00a0\u00bbdefault\u00a0\u00bb pac_dcm_carousel_specific_module_num=\u00a0\u00bb0&Prime; global_colors_info=\u00a0\u00bb{}\u00a0\u00bb][et_pb_text _builder_version=\u00a0\u00bb4.27.4&Prime; _module_preset=\u00a0\u00bbdcb4aabe-88d2-4f2c-b138-0d794d25cbd1&Prime; header_2_text_align=\u00a0\u00bbcenter\u00a0\u00bb global_colors_info=\u00a0\u00bb{}\u00a0\u00bb]<\/p>\n<h2>Need a Taxi in Maine-et Loire?<\/h2>\n<p>[\/et_pb_text][\/et_pb_column][\/et_pb_row][et_pb_row column_structure=\u00a0\u00bb1_2,1_2&Prime; _builder_version=\u00a0\u00bb4.27.4&Prime; _module_preset=\u00a0\u00bbdefault\u00a0\u00bb custom_margin=\u00a0\u00bb2rem||0px||false|false\u00a0\u00bb global_colors_info=\u00a0\u00bb{}\u00a0\u00bb][et_pb_column type=\u00a0\u00bb1_2&Prime; _builder_version=\u00a0\u00bb4.27.4&Prime; _module_preset=\u00a0\u00bbdefault\u00a0\u00bb pac_dcm_carousel_specific_module_num=\u00a0\u00bb0&Prime; global_colors_info=\u00a0\u00bb{}\u00a0\u00bb][et_pb_text _builder_version=\u00a0\u00bb4.27.4&Prime; _module_preset=\u00a0\u00bbdcb4aabe-88d2-4f2c-b138-0d794d25cbd1&Prime; text_orientation=\u00a0\u00bbcenter\u00a0\u00bb custom_margin=\u00a0\u00bb||1rem||false|false\u00a0\u00bb hover_enabled=\u00a0\u00bb0&Prime; global_colors_info=\u00a0\u00bb{}\u00a0\u00bb sticky_enabled=\u00a0\u00bb0&Prime;]<\/p>\n<p>Call on 06 82 26 96 07<\/p>\n<p>[\/et_pb_text][et_pb_button button_url=\u00a0\u00bbtel:0682269607&Prime; button_text=\u00a0\u00bbAppeler\u00a0\u00bb button_alignment=\u00a0\u00bbcenter\u00a0\u00bb _builder_version=\u00a0\u00bb4.27.4&Prime; _module_preset=\u00a0\u00bb9d272e26-43e2-413d-88e1-f8da469a4fb8&Prime; global_colors_info=\u00a0\u00bb{}\u00a0\u00bb][\/et_pb_button][\/et_pb_column][et_pb_column type=\u00a0\u00bb1_2&Prime; _builder_version=\u00a0\u00bb4.27.4&Prime; _module_preset=\u00a0\u00bbdefault\u00a0\u00bb pac_dcm_carousel_specific_module_num=\u00a0\u00bb0&Prime; global_colors_info=\u00a0\u00bb{}\u00a0\u00bb][et_pb_text _builder_version=\u00a0\u00bb4.27.4&Prime; _module_preset=\u00a0\u00bbdcb4aabe-88d2-4f2c-b138-0d794d25cbd1&Prime; text_orientation=\u00a0\u00bbcenter\u00a0\u00bb custom_margin=\u00a0\u00bb||1rem||false|false\u00a0\u00bb custom_margin_tablet=\u00a0\u00bb2rem||1rem||false|false\u00a0\u00bb custom_margin_phone=\u00a0\u00bb2rem||1rem||false|false\u00a0\u00bb custom_margin_last_edited=\u00a0\u00bbon|tablet\u00a0\u00bb global_colors_info=\u00a0\u00bb{}\u00a0\u00bb]<\/p>\n<p>Book your ride online<\/p>\n<p>[\/et_pb_text][et_pb_button button_url=\u00a0\u00bb@ET-DC@eyJkeW5hbWljIjp0cnVlLCJjb250ZW50IjoicG9zdF9saW5rX3VybF9wYWdlIiwic2V0dGluZ3MiOnsicG9zdF9pZCI6IjIwMSJ9fQ==@\u00a0\u00bb button_text=\u00a0\u00bbR\u00e9server\u00a0\u00bb button_alignment=\u00a0\u00bbcenter\u00a0\u00bb _builder_version=\u00a0\u00bb4.27.4&Prime; _dynamic_attributes=\u00a0\u00bbbutton_url\u00a0\u00bb _module_preset=\u00a0\u00bb9d272e26-43e2-413d-88e1-f8da469a4fb8&Prime; global_colors_info=\u00a0\u00bb{}\u00a0\u00bb][\/et_pb_button][\/et_pb_column][\/et_pb_row][\/et_pb_section]<\/p>","protected":false},"excerpt":{"rendered":"<p>Vous avez besoin d&rsquo;un chauffeur dans le Maine-et-Loire ? Que ce soit pour un trajet professionnel, un rendez-vous m\u00e9dical ou une escapade touristique, nous vous accompagnons dans tous vos d\u00e9placements, sur simple r\u00e9servation. Profitez d&rsquo;un voyage alliant confort et efficacit\u00e9, partout dans le d\u00e9partement (49), au d\u00e9part ou \u00e0 destination d&rsquo;Angers, Saumur, Cholet et de [&hellip;]<\/p>","protected":false},"author":1,"featured_media":0,"parent":203,"menu_order":0,"comment_status":"closed","ping_status":"closed","template":"","meta":{"_et_pb_use_builder":"on","_et_pb_old_content":"","_et_gb_content_width":"","footnotes":""},"class_list":["post-512","page","type-page","status-publish","hentry"],"yoast_head":"<!-- This site is optimized with the Yoast SEO plugin v27.3 - https:\/\/yoast.com\/product\/yoast-seo-wordpress\/ -->\n<title>Trajet en taxi dans le Maine et Loire - Toutes destinations<\/title>\n<meta name=\"description\" content=\"Taxi MGDRIVER49 se d\u00e9place dans tout le Maine et Loire. R\u00e9servez votre course ou appelez moi pour une prise en charge rapide.\" \/>\n<meta name=\"robots\" content=\"index, follow, max-snippet:-1, max-image-preview:large, max-video-preview:-1\" \/>\n<link rel=\"canonical\" href=\"https:\/\/taxi-mgdriver49.fr\/en\/trajets-frequents-taxi-angers\/taxi-dans-le-maine-et-loire\/\" \/>\n<meta property=\"og:locale\" content=\"en_GB\" \/>\n<meta property=\"og:type\" content=\"article\" \/>\n<meta property=\"og:title\" content=\"Trajet en taxi dans le Maine et Loire - Toutes destinations\" \/>\n<meta property=\"og:description\" content=\"Taxi MGDRIVER49 se d\u00e9place dans tout le Maine et Loire. R\u00e9servez votre course ou appelez moi pour une prise en charge rapide.\" \/>\n<meta property=\"og:url\" content=\"https:\/\/taxi-mgdriver49.fr\/en\/trajets-frequents-taxi-angers\/taxi-dans-le-maine-et-loire\/\" \/>\n<meta property=\"og:site_name\" content=\"Taxi MG Driver 49\" \/>\n<meta property=\"article:modified_time\" content=\"2025-07-29T12:48:25+00:00\" \/>\n<meta name=\"twitter:card\" content=\"summary_large_image\" \/>\n<meta name=\"twitter:label1\" content=\"Estimated reading time\" \/>\n\t<meta name=\"twitter:data1\" content=\"3 minutes\" \/>\n<script type=\"application\/ld+json\" class=\"yoast-schema-graph\">{\"@context\":\"https:\\\/\\\/schema.org\",\"@graph\":[{\"@type\":\"WebPage\",\"@id\":\"https:\\\/\\\/taxi-mgdriver49.fr\\\/trajets-frequents-taxi-angers\\\/taxi-dans-le-maine-et-loire\\\/\",\"url\":\"https:\\\/\\\/taxi-mgdriver49.fr\\\/trajets-frequents-taxi-angers\\\/taxi-dans-le-maine-et-loire\\\/\",\"name\":\"Trajet en taxi dans le Maine et Loire - Toutes destinations\",\"isPartOf\":{\"@id\":\"https:\\\/\\\/taxi-mgdriver49.fr\\\/#website\"},\"datePublished\":\"2025-04-15T14:07:00+00:00\",\"dateModified\":\"2025-07-29T12:48:25+00:00\",\"description\":\"Taxi MGDRIVER49 se d\u00e9place dans tout le Maine et Loire. R\u00e9servez votre course ou appelez moi pour une prise en charge rapide.\",\"breadcrumb\":{\"@id\":\"https:\\\/\\\/taxi-mgdriver49.fr\\\/trajets-frequents-taxi-angers\\\/taxi-dans-le-maine-et-loire\\\/#breadcrumb\"},\"inLanguage\":\"en-GB\",\"potentialAction\":[{\"@type\":\"ReadAction\",\"target\":[\"https:\\\/\\\/taxi-mgdriver49.fr\\\/trajets-frequents-taxi-angers\\\/taxi-dans-le-maine-et-loire\\\/\"]}]},{\"@type\":\"BreadcrumbList\",\"@id\":\"https:\\\/\\\/taxi-mgdriver49.fr\\\/trajets-frequents-taxi-angers\\\/taxi-dans-le-maine-et-loire\\\/#breadcrumb\",\"itemListElement\":[{\"@type\":\"ListItem\",\"position\":1,\"name\":\"Accueil\",\"item\":\"https:\\\/\\\/taxi-mgdriver49.fr\\\/\"},{\"@type\":\"ListItem\",\"position\":2,\"name\":\"Toutes destinations depuis Angers\",\"item\":\"https:\\\/\\\/taxi-mgdriver49.fr\\\/trajets-frequents-taxi-angers\\\/\"},{\"@type\":\"ListItem\",\"position\":3,\"name\":\"Taxi dans le Maine et Loire\"}]},{\"@type\":\"WebSite\",\"@id\":\"https:\\\/\\\/taxi-mgdriver49.fr\\\/#website\",\"url\":\"https:\\\/\\\/taxi-mgdriver49.fr\\\/\",\"name\":\"Taxi MG Driver 49\",\"description\":\"Taxi et VTC \u00e0 Angers et dans l&#039;agglom\u00e9ration angevine\",\"publisher\":{\"@id\":\"https:\\\/\\\/taxi-mgdriver49.fr\\\/#organization\"},\"potentialAction\":[{\"@type\":\"SearchAction\",\"target\":{\"@type\":\"EntryPoint\",\"urlTemplate\":\"https:\\\/\\\/taxi-mgdriver49.fr\\\/?s={search_term_string}\"},\"query-input\":{\"@type\":\"PropertyValueSpecification\",\"valueRequired\":true,\"valueName\":\"search_term_string\"}}],\"inLanguage\":\"en-GB\"},{\"@type\":\"Organization\",\"@id\":\"https:\\\/\\\/taxi-mgdriver49.fr\\\/#organization\",\"name\":\"Taxi MG Driver 49\",\"url\":\"https:\\\/\\\/taxi-mgdriver49.fr\\\/\",\"logo\":{\"@type\":\"ImageObject\",\"inLanguage\":\"en-GB\",\"@id\":\"https:\\\/\\\/taxi-mgdriver49.fr\\\/#\\\/schema\\\/logo\\\/image\\\/\",\"url\":\"https:\\\/\\\/taxi-mgdriver49.fr\\\/wp-content\\\/uploads\\\/2025\\\/04\\\/MG-DRIVER-49.webp\",\"contentUrl\":\"https:\\\/\\\/taxi-mgdriver49.fr\\\/wp-content\\\/uploads\\\/2025\\\/04\\\/MG-DRIVER-49.webp\",\"width\":2268,\"height\":2268,\"caption\":\"Taxi MG Driver 49\"},\"image\":{\"@id\":\"https:\\\/\\\/taxi-mgdriver49.fr\\\/#\\\/schema\\\/logo\\\/image\\\/\"}}]}<\/script>\n<!-- \/ Yoast SEO plugin. -->","yoast_head_json":{"title":"Trajet en taxi dans le Maine et Loire - Toutes destinations","description":"Taxi MGDRIVER49 se d\u00e9place dans tout le Maine et Loire. R\u00e9servez votre course ou appelez moi pour une prise en charge rapide.","robots":{"index":"index","follow":"follow","max-snippet":"max-snippet:-1","max-image-preview":"max-image-preview:large","max-video-preview":"max-video-preview:-1"},"canonical":"https:\/\/taxi-mgdriver49.fr\/en\/trajets-frequents-taxi-angers\/taxi-dans-le-maine-et-loire\/","og_locale":"en_GB","og_type":"article","og_title":"Trajet en taxi dans le Maine et Loire - Toutes destinations","og_description":"Taxi MGDRIVER49 se d\u00e9place dans tout le Maine et Loire. R\u00e9servez votre course ou appelez moi pour une prise en charge rapide.","og_url":"https:\/\/taxi-mgdriver49.fr\/en\/trajets-frequents-taxi-angers\/taxi-dans-le-maine-et-loire\/","og_site_name":"Taxi MG Driver 49","article_modified_time":"2025-07-29T12:48:25+00:00","twitter_card":"summary_large_image","twitter_misc":{"Estimated reading time":"3 minutes"},"schema":{"@context":"https:\/\/schema.org","@graph":[{"@type":"WebPage","@id":"https:\/\/taxi-mgdriver49.fr\/trajets-frequents-taxi-angers\/taxi-dans-le-maine-et-loire\/","url":"https:\/\/taxi-mgdriver49.fr\/trajets-frequents-taxi-angers\/taxi-dans-le-maine-et-loire\/","name":"Trajet en taxi dans le Maine et Loire - Toutes destinations","isPartOf":{"@id":"https:\/\/taxi-mgdriver49.fr\/#website"},"datePublished":"2025-04-15T14:07:00+00:00","dateModified":"2025-07-29T12:48:25+00:00","description":"Taxi MGDRIVER49 se d\u00e9place dans tout le Maine et Loire. R\u00e9servez votre course ou appelez moi pour une prise en charge rapide.","breadcrumb":{"@id":"https:\/\/taxi-mgdriver49.fr\/trajets-frequents-taxi-angers\/taxi-dans-le-maine-et-loire\/#breadcrumb"},"inLanguage":"en-GB","potentialAction":[{"@type":"ReadAction","target":["https:\/\/taxi-mgdriver49.fr\/trajets-frequents-taxi-angers\/taxi-dans-le-maine-et-loire\/"]}]},{"@type":"BreadcrumbList","@id":"https:\/\/taxi-mgdriver49.fr\/trajets-frequents-taxi-angers\/taxi-dans-le-maine-et-loire\/#breadcrumb","itemListElement":[{"@type":"ListItem","position":1,"name":"Accueil","item":"https:\/\/taxi-mgdriver49.fr\/"},{"@type":"ListItem","position":2,"name":"Toutes destinations depuis Angers","item":"https:\/\/taxi-mgdriver49.fr\/trajets-frequents-taxi-angers\/"},{"@type":"ListItem","position":3,"name":"Taxi dans le Maine et Loire"}]},{"@type":"WebSite","@id":"https:\/\/taxi-mgdriver49.fr\/#website","url":"https:\/\/taxi-mgdriver49.fr\/","name":"Taxi MG Driver 49","description":"Taxi et VTC \u00e0 Angers et dans l&#039;agglom\u00e9ration angevine","publisher":{"@id":"https:\/\/taxi-mgdriver49.fr\/#organization"},"potentialAction":[{"@type":"SearchAction","target":{"@type":"EntryPoint","urlTemplate":"https:\/\/taxi-mgdriver49.fr\/?s={search_term_string}"},"query-input":{"@type":"PropertyValueSpecification","valueRequired":true,"valueName":"search_term_string"}}],"inLanguage":"en-GB"},{"@type":"Organization","@id":"https:\/\/taxi-mgdriver49.fr\/#organization","name":"Taxi MG Driver 49","url":"https:\/\/taxi-mgdriver49.fr\/","logo":{"@type":"ImageObject","inLanguage":"en-GB","@id":"https:\/\/taxi-mgdriver49.fr\/#\/schema\/logo\/image\/","url":"https:\/\/taxi-mgdriver49.fr\/wp-content\/uploads\/2025\/04\/MG-DRIVER-49.webp","contentUrl":"https:\/\/taxi-mgdriver49.fr\/wp-content\/uploads\/2025\/04\/MG-DRIVER-49.webp","width":2268,"height":2268,"caption":"Taxi MG Driver 49"},"image":{"@id":"https:\/\/taxi-mgdriver49.fr\/#\/schema\/logo\/image\/"}}]}},"_links":{"self":[{"href":"https:\/\/taxi-mgdriver49.fr\/en\/wp-json\/wp\/v2\/pages\/512","targetHints":{"allow":["GET"]}}],"collection":[{"href":"https:\/\/taxi-mgdriver49.fr\/en\/wp-json\/wp\/v2\/pages"}],"about":[{"href":"https:\/\/taxi-mgdriver49.fr\/en\/wp-json\/wp\/v2\/types\/page"}],"author":[{"embeddable":true,"href":"https:\/\/taxi-mgdriver49.fr\/en\/wp-json\/wp\/v2\/users\/1"}],"replies":[{"embeddable":true,"href":"https:\/\/taxi-mgdriver49.fr\/en\/wp-json\/wp\/v2\/comments?post=512"}],"version-history":[{"count":5,"href":"https:\/\/taxi-mgdriver49.fr\/en\/wp-json\/wp\/v2\/pages\/512\/revisions"}],"predecessor-version":[{"id":686,"href":"https:\/\/taxi-mgdriver49.fr\/en\/wp-json\/wp\/v2\/pages\/512\/revisions\/686"}],"up":[{"embeddable":true,"href":"https:\/\/taxi-mgdriver49.fr\/en\/wp-json\/wp\/v2\/pages\/203"}],"wp:attachment":[{"href":"https:\/\/taxi-mgdriver49.fr\/en\/wp-json\/wp\/v2\/media?parent=512"}],"curies":[{"name":"wp","href":"https:\/\/api.w.org\/{rel}","templated":true}]}}