{"id":484,"date":"2025-04-11T15:23:26","date_gmt":"2025-04-11T15:23:26","guid":{"rendered":"https:\/\/taxi-mgdriver49.fr\/?page_id=484"},"modified":"2025-08-19T13:19:17","modified_gmt":"2025-08-19T13:19:17","slug":"mentions-legales","status":"publish","type":"page","link":"https:\/\/taxi-mgdriver49.fr\/en\/mentions-legales\/","title":{"rendered":"Legal Notice"},"content":{"rendered":"<p>[et_pb_section fb_built=\u00a0\u00bb1&Prime; _builder_version=\u00a0\u00bb4.27.4&Prime; _module_preset=\u00a0\u00bbdefault\u00a0\u00bb global_colors_info=\u00a0\u00bb{}\u00a0\u00bb][et_pb_row _builder_version=\u00a0\u00bb4.27.4&Prime; _module_preset=\u00a0\u00bbdefault\u00a0\u00bb global_colors_info=\u00a0\u00bb{}\u00a0\u00bb][et_pb_column type=\u00a0\u00bb4_4&Prime; _builder_version=\u00a0\u00bb4.27.4&Prime; _module_preset=\u00a0\u00bbdefault\u00a0\u00bb pac_dcm_carousel_specific_module_num=\u00a0\u00bb0&Prime; global_colors_info=\u00a0\u00bb{}\u00a0\u00bb][et_pb_text _builder_version=\u00a0\u00bb4.27.4&Prime; _module_preset=\u00a0\u00bbdcb4aabe-88d2-4f2c-b138-0d794d25cbd1&Prime; header_text_color=\u00a0\u00bb#000000&Prime; header_2_font_size=\u00a0\u00bb30px\u00a0\u00bb global_colors_info=\u00a0\u00bb{}\u00a0\u00bb]<\/p>\n<h1>Legal Notice<\/h1>\n<ul>\n<li>Raison sociale : MG DRIVER 49<\/li>\n<li>Si\u00e8ge social : 1 CHEMIN DE LA BELLE MOTTE, 49000 ECOUFLANT France<\/li>\n<li>Forme juridique : SASU Soci\u00e9t\u00e9 par actions simplifi\u00e9e \u00e0 associ\u00e9 unique<\/li>\n<li>SIREN : 980 577 084<\/li>\n<li>Email : contact@mg-taxi-angers.fr<\/li>\n<\/ul>\n<h2>H\u00e9bergeur :<\/h2>\n<ul>\n<li>INFOMANIAK \u2013 25 rue Eug\u00e8ne Marziano \u2013 1227 Gen\u00e8ve \u2013 CONF\u00c9D\u00c9RATION SUISSE<\/li>\n<li>T\u00e9l. : (+41) 22 820 35 44<\/li>\n<\/ul>\n<h2>Responsable de la publication :<\/h2>\n<ul>\n<li>MG DRIVER 49<\/li>\n<li>Email : contact@mg-taxi-angers.fr<\/li>\n<\/ul>\n<h2>Webmaster et responsable technique :<\/h2>\n<ul>\n<li>Gwendal P\u00e9ron \u2013 7 rue Fran\u00e7ois Simon \u2013 49000 ANGERS<\/li>\n<li>Email : contact@digital-voyager.fr<\/li>\n<\/ul>\n<p>Pour toute information relative \u00e0 la confidentialit\u00e9 ou aux cookies, veuillez consulter notre Politique de Confidentialit\u00e9<\/p>\n<p>[\/et_pb_text][\/et_pb_column][\/et_pb_row][\/et_pb_section]<\/p>","protected":false},"excerpt":{"rendered":"<p>Mentions L\u00e9gales Raison sociale : MG DRIVER 49 Si\u00e8ge social : 1 CHEMIN DE LA BELLE MOTTE, 49000 ECOUFLANT France Forme juridique : SASU Soci\u00e9t\u00e9 par actions simplifi\u00e9e \u00e0 associ\u00e9 unique SIREN : 980 577 084 Email : contact@mg-taxi-angers.fr H\u00e9bergeur : INFOMANIAK \u2013 25 rue Eug\u00e8ne Marziano \u2013 1227 Gen\u00e8ve \u2013 CONF\u00c9D\u00c9RATION SUISSE T\u00e9l. : [&hellip;]<\/p>","protected":false},"author":1,"featured_media":0,"parent":0,"menu_order":0,"comment_status":"closed","ping_status":"closed","template":"","meta":{"_et_pb_use_builder":"on","_et_pb_old_content":"","_et_gb_content_width":"","footnotes":""},"class_list":["post-484","page","type-page","status-publish","hentry"],"yoast_head":"<!-- This site is optimized with the Yoast SEO plugin v27.3 - https:\/\/yoast.com\/product\/yoast-seo-wordpress\/ -->\n<title>Mentions L\u00e9gales - Taxi MG Driver 49<\/title>\n<meta name=\"robots\" content=\"noindex, follow\" \/>\n<meta property=\"og:locale\" content=\"en_GB\" \/>\n<meta property=\"og:type\" content=\"article\" \/>\n<meta property=\"og:title\" content=\"Mentions L\u00e9gales - Taxi MG Driver 49\" \/>\n<meta property=\"og:description\" content=\"Mentions L\u00e9gales Raison sociale : MG DRIVER 49 Si\u00e8ge social : 1 CHEMIN DE LA BELLE MOTTE, 49000 ECOUFLANT France Forme juridique : SASU Soci\u00e9t\u00e9 par actions simplifi\u00e9e \u00e0 associ\u00e9 unique SIREN : 980 577 084 Email : contact@mg-taxi-angers.fr H\u00e9bergeur : INFOMANIAK \u2013 25 rue Eug\u00e8ne Marziano \u2013 1227 Gen\u00e8ve \u2013 CONF\u00c9D\u00c9RATION SUISSE T\u00e9l. : [&hellip;]\" \/>\n<meta property=\"og:url\" content=\"https:\/\/taxi-mgdriver49.fr\/en\/mentions-legales\/\" \/>\n<meta property=\"og:site_name\" content=\"Taxi MG Driver 49\" \/>\n<meta property=\"article:modified_time\" content=\"2025-08-19T13:19:17+00:00\" \/>\n<meta name=\"twitter:card\" content=\"summary_large_image\" \/>\n<meta name=\"twitter:label1\" content=\"Estimated reading time\" \/>\n\t<meta name=\"twitter:data1\" content=\"1 minute\" \/>\n<script type=\"application\/ld+json\" class=\"yoast-schema-graph\">{\"@context\":\"https:\\\/\\\/schema.org\",\"@graph\":[{\"@type\":\"WebPage\",\"@id\":\"https:\\\/\\\/taxi-mgdriver49.fr\\\/mentions-legales\\\/\",\"url\":\"https:\\\/\\\/taxi-mgdriver49.fr\\\/mentions-legales\\\/\",\"name\":\"Mentions L\u00e9gales - Taxi MG Driver 49\",\"isPartOf\":{\"@id\":\"https:\\\/\\\/taxi-mgdriver49.fr\\\/#website\"},\"datePublished\":\"2025-04-11T15:23:26+00:00\",\"dateModified\":\"2025-08-19T13:19:17+00:00\",\"breadcrumb\":{\"@id\":\"https:\\\/\\\/taxi-mgdriver49.fr\\\/mentions-legales\\\/#breadcrumb\"},\"inLanguage\":\"en-GB\",\"potentialAction\":[{\"@type\":\"ReadAction\",\"target\":[\"https:\\\/\\\/taxi-mgdriver49.fr\\\/mentions-legales\\\/\"]}]},{\"@type\":\"BreadcrumbList\",\"@id\":\"https:\\\/\\\/taxi-mgdriver49.fr\\\/mentions-legales\\\/#breadcrumb\",\"itemListElement\":[{\"@type\":\"ListItem\",\"position\":1,\"name\":\"Accueil\",\"item\":\"https:\\\/\\\/taxi-mgdriver49.fr\\\/\"},{\"@type\":\"ListItem\",\"position\":2,\"name\":\"Mentions L\u00e9gales\"}]},{\"@type\":\"WebSite\",\"@id\":\"https:\\\/\\\/taxi-mgdriver49.fr\\\/#website\",\"url\":\"https:\\\/\\\/taxi-mgdriver49.fr\\\/\",\"name\":\"Taxi MG Driver 49\",\"description\":\"Taxi et VTC \u00e0 Angers et dans l&#039;agglom\u00e9ration angevine\",\"publisher\":{\"@id\":\"https:\\\/\\\/taxi-mgdriver49.fr\\\/#organization\"},\"potentialAction\":[{\"@type\":\"SearchAction\",\"target\":{\"@type\":\"EntryPoint\",\"urlTemplate\":\"https:\\\/\\\/taxi-mgdriver49.fr\\\/?s={search_term_string}\"},\"query-input\":{\"@type\":\"PropertyValueSpecification\",\"valueRequired\":true,\"valueName\":\"search_term_string\"}}],\"inLanguage\":\"en-GB\"},{\"@type\":\"Organization\",\"@id\":\"https:\\\/\\\/taxi-mgdriver49.fr\\\/#organization\",\"name\":\"Taxi MG Driver 49\",\"url\":\"https:\\\/\\\/taxi-mgdriver49.fr\\\/\",\"logo\":{\"@type\":\"ImageObject\",\"inLanguage\":\"en-GB\",\"@id\":\"https:\\\/\\\/taxi-mgdriver49.fr\\\/#\\\/schema\\\/logo\\\/image\\\/\",\"url\":\"https:\\\/\\\/taxi-mgdriver49.fr\\\/wp-content\\\/uploads\\\/2025\\\/04\\\/MG-DRIVER-49.webp\",\"contentUrl\":\"https:\\\/\\\/taxi-mgdriver49.fr\\\/wp-content\\\/uploads\\\/2025\\\/04\\\/MG-DRIVER-49.webp\",\"width\":2268,\"height\":2268,\"caption\":\"Taxi MG Driver 49\"},\"image\":{\"@id\":\"https:\\\/\\\/taxi-mgdriver49.fr\\\/#\\\/schema\\\/logo\\\/image\\\/\"}}]}<\/script>\n<!-- \/ Yoast SEO plugin. -->","yoast_head_json":{"title":"Mentions L\u00e9gales - Taxi MG Driver 49","robots":{"index":"noindex","follow":"follow"},"og_locale":"en_GB","og_type":"article","og_title":"Mentions L\u00e9gales - Taxi MG Driver 49","og_description":"Mentions L\u00e9gales Raison sociale : MG DRIVER 49 Si\u00e8ge social : 1 CHEMIN DE LA BELLE MOTTE, 49000 ECOUFLANT France Forme juridique : SASU Soci\u00e9t\u00e9 par actions simplifi\u00e9e \u00e0 associ\u00e9 unique SIREN : 980 577 084 Email : contact@mg-taxi-angers.fr H\u00e9bergeur : INFOMANIAK \u2013 25 rue Eug\u00e8ne Marziano \u2013 1227 Gen\u00e8ve \u2013 CONF\u00c9D\u00c9RATION SUISSE T\u00e9l. : [&hellip;]","og_url":"https:\/\/taxi-mgdriver49.fr\/en\/mentions-legales\/","og_site_name":"Taxi MG Driver 49","article_modified_time":"2025-08-19T13:19:17+00:00","twitter_card":"summary_large_image","twitter_misc":{"Estimated reading time":"1 minute"},"schema":{"@context":"https:\/\/schema.org","@graph":[{"@type":"WebPage","@id":"https:\/\/taxi-mgdriver49.fr\/mentions-legales\/","url":"https:\/\/taxi-mgdriver49.fr\/mentions-legales\/","name":"Mentions L\u00e9gales - Taxi MG Driver 49","isPartOf":{"@id":"https:\/\/taxi-mgdriver49.fr\/#website"},"datePublished":"2025-04-11T15:23:26+00:00","dateModified":"2025-08-19T13:19:17+00:00","breadcrumb":{"@id":"https:\/\/taxi-mgdriver49.fr\/mentions-legales\/#breadcrumb"},"inLanguage":"en-GB","potentialAction":[{"@type":"ReadAction","target":["https:\/\/taxi-mgdriver49.fr\/mentions-legales\/"]}]},{"@type":"BreadcrumbList","@id":"https:\/\/taxi-mgdriver49.fr\/mentions-legales\/#breadcrumb","itemListElement":[{"@type":"ListItem","position":1,"name":"Accueil","item":"https:\/\/taxi-mgdriver49.fr\/"},{"@type":"ListItem","position":2,"name":"Mentions L\u00e9gales"}]},{"@type":"WebSite","@id":"https:\/\/taxi-mgdriver49.fr\/#website","url":"https:\/\/taxi-mgdriver49.fr\/","name":"Taxi MG Driver 49","description":"Taxi et VTC \u00e0 Angers et dans l&#039;agglom\u00e9ration angevine","publisher":{"@id":"https:\/\/taxi-mgdriver49.fr\/#organization"},"potentialAction":[{"@type":"SearchAction","target":{"@type":"EntryPoint","urlTemplate":"https:\/\/taxi-mgdriver49.fr\/?s={search_term_string}"},"query-input":{"@type":"PropertyValueSpecification","valueRequired":true,"valueName":"search_term_string"}}],"inLanguage":"en-GB"},{"@type":"Organization","@id":"https:\/\/taxi-mgdriver49.fr\/#organization","name":"Taxi MG Driver 49","url":"https:\/\/taxi-mgdriver49.fr\/","logo":{"@type":"ImageObject","inLanguage":"en-GB","@id":"https:\/\/taxi-mgdriver49.fr\/#\/schema\/logo\/image\/","url":"https:\/\/taxi-mgdriver49.fr\/wp-content\/uploads\/2025\/04\/MG-DRIVER-49.webp","contentUrl":"https:\/\/taxi-mgdriver49.fr\/wp-content\/uploads\/2025\/04\/MG-DRIVER-49.webp","width":2268,"height":2268,"caption":"Taxi MG Driver 49"},"image":{"@id":"https:\/\/taxi-mgdriver49.fr\/#\/schema\/logo\/image\/"}}]}},"_links":{"self":[{"href":"https:\/\/taxi-mgdriver49.fr\/en\/wp-json\/wp\/v2\/pages\/484","targetHints":{"allow":["GET"]}}],"collection":[{"href":"https:\/\/taxi-mgdriver49.fr\/en\/wp-json\/wp\/v2\/pages"}],"about":[{"href":"https:\/\/taxi-mgdriver49.fr\/en\/wp-json\/wp\/v2\/types\/page"}],"author":[{"embeddable":true,"href":"https:\/\/taxi-mgdriver49.fr\/en\/wp-json\/wp\/v2\/users\/1"}],"replies":[{"embeddable":true,"href":"https:\/\/taxi-mgdriver49.fr\/en\/wp-json\/wp\/v2\/comments?post=484"}],"version-history":[{"count":2,"href":"https:\/\/taxi-mgdriver49.fr\/en\/wp-json\/wp\/v2\/pages\/484\/revisions"}],"predecessor-version":[{"id":696,"href":"https:\/\/taxi-mgdriver49.fr\/en\/wp-json\/wp\/v2\/pages\/484\/revisions\/696"}],"wp:attachment":[{"href":"https:\/\/taxi-mgdriver49.fr\/en\/wp-json\/wp\/v2\/media?parent=484"}],"curies":[{"name":"wp","href":"https:\/\/api.w.org\/{rel}","templated":true}]}}